    
    {"id":11349,"date":"2022-02-06T19:54:14","date_gmt":"2022-02-06T18:54:14","guid":{"rendered":"https:\/\/www.canclini.it\/?page_id=11349\/"},"modified":"2022-02-06T19:54:14","modified_gmt":"2022-02-06T18:54:14","slug":"icones-et-finissages","status":"publish","type":"page","link":"https:\/\/canclini.it\/fr\/hausammann-moos-1811\/icones-et-finissages\/","title":{"rendered":"Icones et Finissages"},"content":{"rendered":"<p>[vc_row gradient_colors=\u00a0\u00bb%5B%7B%7D%5D\u00a0\u00bb el_class=\u00a0\u00bbmenu-brand-mobile\u00a0\u00bb][vc_column][vc_wp_custommenu nav_menu=\u00a0\u00bb179&Prime;][\/vc_column][\/vc_row][vc_row full_width=\u00a0\u00bbstretch_row_content\u00a0\u00bb gap=\u00a0\u00bb20&Prime; gradient_colors=\u00a0\u00bb%5B%7B%7D%5D\u00a0\u00bb][vc_column width=\u00a0\u00bb1\/4&Prime;][vc_single_image image=\u00a0\u00bb10925&Prime; img_size=\u00a0\u00bbfull\u00a0\u00bb alignment=\u00a0\u00bbcenter\u00a0\u00bb][\/vc_column][vc_column width=\u00a0\u00bb1\/4&Prime;][vc_single_image image=\u00a0\u00bb10928&Prime; img_size=\u00a0\u00bbfull\u00a0\u00bb alignment=\u00a0\u00bbcenter\u00a0\u00bb][\/vc_column][vc_column width=\u00a0\u00bb1\/4&Prime;][vc_single_image image=\u00a0\u00bb10926&Prime; img_size=\u00a0\u00bbfull\u00a0\u00bb alignment=\u00a0\u00bbcenter\u00a0\u00bb][\/vc_column][vc_column width=\u00a0\u00bb1\/4&Prime;][vc_single_image image=\u00a0\u00bb10929&Prime; img_size=\u00a0\u00bbfull\u00a0\u00bb alignment=\u00a0\u00bbcenter\u00a0\u00bb][\/vc_column][\/vc_row][vc_row gradient_colors=\u00a0\u00bb%5B%7B%7D%5D\u00a0\u00bb el_class=\u00a0\u00bbpaddingper\u00a0\u00bb][vc_column][vc_column_text el_class=\u00a0\u00bbgiustifica\u00a0\u00bb]HAUSAMMANN + MOOS 1881 offre plus de 60 types de finissages. Parmi\u00a0 les plus demand\u00e9s sont les finissages \u00ab\u00a0vitro\u00a0\u00bb\u00a0 \u00ab\u00a0papier\u00a0\u00bb et chinz<\/p>\n<p>Notre double retord teint en Piece est surement le plus fameux tissu du monde.\u00a0 Un tissu connu pour des fabrications de v\u00eatements modernes et dynamiques. Pr\u00e9sent\u00e9 dans une large gamme de coloris, c\u2019est le meilleur article pour ceux qui veulent se sentir \u00e9l\u00e9gants et confortable en m\u00eame temps.<\/p>\n<p>Avec cette douceur et ce toucher doux on est bien habill\u00e9 en toute occasions\u00a0; au travail ou en conges.<\/p>\n<p>&nbsp;<\/p>\n<p><strong>SUPERWOOL<\/strong><\/p>\n<p>La qualit\u00e9 100 % laine avec son fils double retord 120\/2 . La laine est la plus vieille fibre textile du monde.<\/p>\n<p>On appr\u00e9cie sa structure, sa souplesse ,son \u00e9lasticit\u00e9, son hygroscopie, son pouvoir de thermo r\u00e9gulation\u00a0;<\/p>\n<p>Respirant, et facile \u00e0 nettoyer.<\/p>\n<p>Un finissage particulier a \u00e9t\u00e9 \u00e9tudi\u00e9 pour cet article qui permets de le laver en machine. Sans qu\u2019il r\u00e9tr\u00e9cissement ou feutrage. Avec \u00a0toutes ces caract\u00e9ristiques\u00a0 ,une chemise en Superwool peut \u00eatre consid\u00e9r\u00e9e comme naturelle et traditionnelle et en m\u00eame temps hautement innovatrice, performante et technologique<\/p>\n<p>&nbsp;<\/p>\n<p><strong>FEMME<\/strong><\/p>\n<p>120\u00a0\/2 POPELINE\u00a0.120\/2. TISSE. 100% COTON TISSE TEINT<\/p>\n<p>Une l\u00e9g\u00e8re Piece teinte mais en m\u00eame temps compacte fait ressortir les couleurs au mieux de leur qualit\u00e9.<\/p>\n<p>Blanc, \u00e9cru, glac\u00e9, bleu ciel mais aussi gris, marron, marine ou noir pour une gamme de coloris intemporelle.<\/p>\n<p>Les blouses fabriqu\u00e9es avec cet article sont donc int\u00e9ressantes si elles sont combin\u00e9es avec des costumes,cravattes ou plus simplement avec des jeans[\/vc_column_text][vc_raw_html]JTNDc3R5bGUlM0UlMEEubmF2YmFyJTIwLmhlYWRlci1uYXZpYm94LTMlMjAubmF2Lm5hdmJhci1uYXYlMjAlN0IlMEFkaXNwbGF5JTNBJTIwbm9uZSUzQiUwQSU3RCUwQS55YW1tJTIwJTdCJTBBJTIwJTIwJTIwJTIwbWFyZ2luLXJpZ2h0JTNBJTIwMHB4JTNCJTBBJTdEJTBBJTNDJTJGc3R5bGUlM0U=[\/vc_raw_html][\/vc_column][\/vc_row][vc_row disable_element=\u00a0\u00bbyes\u00a0\u00bb gradient_colors=\u00a0\u00bb%5B%7B%7D%5D\u00a0\u00bb][vc_column][vc_raw_js]JTNDc2NyaXB0JTNFJTBBalF1ZXJ5JTI4JTIwJTIyLmhlYWRlci1uYXZpYm94LTMlMjB1bC5uYXYubmF2YmFyLW5hdiUyMiUyMCUyOS5yZXBsYWNlV2l0aCUyOCUyMCUyMiUzQ2ElMjBocmVmJTNEJTI3JTIzJTI3JTIwY2xhc3MlM0QlMjdicmVhZGNydW1ic19pdGVtJTI3JTNCJTNFJTIzJTNDJTJGYSUzRSUyMiUyMCUyOSUzQiUwQSUzQyUyRnNjcmlwdCUzRQ==[\/vc_raw_js][\/vc_column][\/vc_row]<\/p>\n","protected":false},"excerpt":{"rendered":"<p>[vc_row gradient_colors=\u00a0\u00bb%5B%7B%7D%5D\u00a0\u00bb el_class=\u00a0\u00bbmenu-brand-mobile\u00a0\u00bb][vc_column][vc_wp_custommenu nav_menu=\u00a0\u00bb179&Prime;][\/vc_column][\/vc_row][vc_row full_width=\u00a0\u00bbstretch_row_content\u00a0\u00bb gap=\u00a0\u00bb20&Prime; gradient_colors=\u00a0\u00bb%5B%7B%7D%5D\u00a0\u00bb][vc_column width=\u00a0\u00bb1\/4&Prime;][vc_single_image image=\u00a0\u00bb10925&Prime; img_size=\u00a0\u00bbfull\u00a0\u00bb alignment=\u00a0\u00bbcenter\u00a0\u00bb][\/vc_column][vc_column width=\u00a0\u00bb1\/4&Prime;][vc_single_image image=\u00a0\u00bb10928&Prime; img_size=\u00a0\u00bbfull\u00a0\u00bb alignment=\u00a0\u00bbcenter\u00a0\u00bb][\/vc_column][vc_column width=\u00a0\u00bb1\/4&Prime;][vc_single_image image=\u00a0\u00bb10926&Prime; img_size=\u00a0\u00bbfull\u00a0\u00bb alignment=\u00a0\u00bbcenter\u00a0\u00bb][\/vc_column][vc_column width=\u00a0\u00bb1\/4&Prime;][vc_single_image image=\u00a0\u00bb10929&Prime; img_size=\u00a0\u00bbfull\u00a0\u00bb alignment=\u00a0\u00bbcenter\u00a0\u00bb][\/vc_column][\/vc_row][vc_row gradient_colors=\u00a0\u00bb%5B%7B%7D%5D\u00a0\u00bb el_class=\u00a0\u00bbpaddingper\u00a0\u00bb][vc_column][vc_column_text el_class=\u00a0\u00bbgiustifica\u00a0\u00bb]HAUSAMMANN + MOOS 1881 offre plus de 60 types de finissages. Parmi\u00a0 les plus demand\u00e9s sont les finissages \u00ab\u00a0vitro\u00a0\u00bb\u00a0 \u00ab\u00a0papier\u00a0\u00bb et chinz Notre double retord teint en Piece est surement [&hellip;]<\/p>\n","protected":false},"author":2,"featured_media":10924,"parent":11342,"menu_order":0,"comment_status":"closed","ping_status":"closed","template":"single-services copy 1.php","meta":[],"acf":[],"yoast_head":"<!-- This site is optimized with the Yoast SEO plugin v17.6 - https:\/\/yoast.com\/wordpress\/plugins\/seo\/ -->\n<title>Icones et Finissages - Hausammann+Moos 1881<\/title>\n<meta name=\"robots\" content=\"index, follow, max-snippet:-1, max-image-preview:large, max-video-preview:-1\" \/>\n<link rel=\"canonical\" href=\"https:\/\/www.canclini.it\/fr\/hausammann-moos-1811\/icones-et-finissages\/\" \/>\n<meta property=\"og:locale\" content=\"fr_FR\" \/>\n<meta property=\"og:type\" content=\"article\" \/>\n<meta property=\"og:title\" content=\"Icones et Finissages - Hausammann+Moos 1881\" \/>\n<meta property=\"og:description\" content=\"[vc_row gradient_colors=\u00a0\u00bb%5B%7B%7D%5D\u00a0\u00bb el_class=\u00a0\u00bbmenu-brand-mobile\u00a0\u00bb][vc_column][vc_wp_custommenu nav_menu=\u00a0\u00bb179&Prime;][\/vc_column][\/vc_row][vc_row full_width=\u00a0\u00bbstretch_row_content\u00a0\u00bb gap=\u00a0\u00bb20&Prime; gradient_colors=\u00a0\u00bb%5B%7B%7D%5D\u00a0\u00bb][vc_column width=\u00a0\u00bb1\/4&Prime;][vc_single_image image=\u00a0\u00bb10925&Prime; img_size=\u00a0\u00bbfull\u00a0\u00bb alignment=\u00a0\u00bbcenter\u00a0\u00bb][\/vc_column][vc_column width=\u00a0\u00bb1\/4&Prime;][vc_single_image image=\u00a0\u00bb10928&Prime; img_size=\u00a0\u00bbfull\u00a0\u00bb alignment=\u00a0\u00bbcenter\u00a0\u00bb][\/vc_column][vc_column width=\u00a0\u00bb1\/4&Prime;][vc_single_image image=\u00a0\u00bb10926&Prime; img_size=\u00a0\u00bbfull\u00a0\u00bb alignment=\u00a0\u00bbcenter\u00a0\u00bb][\/vc_column][vc_column width=\u00a0\u00bb1\/4&Prime;][vc_single_image image=\u00a0\u00bb10929&Prime; img_size=\u00a0\u00bbfull\u00a0\u00bb alignment=\u00a0\u00bbcenter\u00a0\u00bb][\/vc_column][\/vc_row][vc_row gradient_colors=\u00a0\u00bb%5B%7B%7D%5D\u00a0\u00bb el_class=\u00a0\u00bbpaddingper\u00a0\u00bb][vc_column][vc_column_text el_class=\u00a0\u00bbgiustifica\u00a0\u00bb]HAUSAMMANN + MOOS 1881 offre plus de 60 types de finissages. Parmi\u00a0 les plus demand\u00e9s sont les finissages \u00ab\u00a0vitro\u00a0\u00bb\u00a0 \u00ab\u00a0papier\u00a0\u00bb et chinz Notre double retord teint en Piece est surement [&hellip;]\" \/>\n<meta property=\"og:url\" content=\"https:\/\/www.canclini.it\/fr\/hausammann-moos-1811\/icones-et-finissages\/\" \/>\n<meta property=\"og:site_name\" content=\"C. Tessile 1925\" \/>\n<meta property=\"og:image\" content=\"https:\/\/www.canclini.it\/wp-content\/uploads\/2021\/11\/HM_icons-lavorazioni-1.jpg\" \/>\n\t<meta property=\"og:image:width\" content=\"1920\" \/>\n\t<meta property=\"og:image:height\" content=\"1080\" \/>\n<meta name=\"twitter:card\" content=\"summary_large_image\" \/>\n<meta name=\"twitter:label1\" content=\"Dur\u00e9e de lecture estim\u00e9e\" \/>\n\t<meta name=\"twitter:data1\" content=\"2 minutes\" \/>\n<script type=\"application\/ld+json\" class=\"yoast-schema-graph\">{\"@context\":\"https:\/\/schema.org\",\"@graph\":[{\"@type\":\"WebSite\",\"@id\":\"https:\/\/blue1925.it\/#website\",\"url\":\"https:\/\/blue1925.it\/\",\"name\":\"C. Tessile 1925\",\"description\":\"\",\"potentialAction\":[{\"@type\":\"SearchAction\",\"target\":{\"@type\":\"EntryPoint\",\"urlTemplate\":\"https:\/\/blue1925.it\/?s={search_term_string}\"},\"query-input\":\"required name=search_term_string\"}],\"inLanguage\":\"fr-FR\"},{\"@type\":\"ImageObject\",\"@id\":\"https:\/\/www.canclini.it\/fr\/hausammann-moos-1811\/icones-et-finissages\/#primaryimage\",\"inLanguage\":\"fr-FR\",\"url\":\"https:\/\/canclini.it\/wp-content\/uploads\/2021\/11\/HM_icons-lavorazioni-1.jpg\",\"contentUrl\":\"https:\/\/canclini.it\/wp-content\/uploads\/2021\/11\/HM_icons-lavorazioni-1.jpg\",\"width\":1920,\"height\":1080},{\"@type\":\"WebPage\",\"@id\":\"https:\/\/www.canclini.it\/fr\/hausammann-moos-1811\/icones-et-finissages\/#webpage\",\"url\":\"https:\/\/www.canclini.it\/fr\/hausammann-moos-1811\/icones-et-finissages\/\",\"name\":\"Icones et Finissages - Hausammann+Moos 1881\",\"isPartOf\":{\"@id\":\"https:\/\/blue1925.it\/#website\"},\"primaryImageOfPage\":{\"@id\":\"https:\/\/www.canclini.it\/fr\/hausammann-moos-1811\/icones-et-finissages\/#primaryimage\"},\"datePublished\":\"2022-02-06T18:54:14+00:00\",\"dateModified\":\"2022-02-06T18:54:14+00:00\",\"breadcrumb\":{\"@id\":\"https:\/\/www.canclini.it\/fr\/hausammann-moos-1811\/icones-et-finissages\/#breadcrumb\"},\"inLanguage\":\"fr-FR\",\"potentialAction\":[{\"@type\":\"ReadAction\",\"target\":[\"https:\/\/www.canclini.it\/fr\/hausammann-moos-1811\/icones-et-finissages\/\"]}]},{\"@type\":\"BreadcrumbList\",\"@id\":\"https:\/\/www.canclini.it\/fr\/hausammann-moos-1811\/icones-et-finissages\/#breadcrumb\",\"itemListElement\":[{\"@type\":\"ListItem\",\"position\":1,\"name\":\"Home\",\"item\":\"https:\/\/www.canclini.it\/\"},{\"@type\":\"ListItem\",\"position\":2,\"name\":\"Histoire\",\"item\":\"https:\/\/www.canclini.it\/fr\/hausammann-moos-1811\/\"},{\"@type\":\"ListItem\",\"position\":3,\"name\":\"Icones et Finissages\"}]}]}<\/script>\n<!-- \/ Yoast SEO plugin. -->","yoast_head_json":{"title":"Icones et Finissages - Hausammann+Moos 1881","robots":{"index":"index","follow":"follow","max-snippet":"max-snippet:-1","max-image-preview":"max-image-preview:large","max-video-preview":"max-video-preview:-1"},"canonical":"https:\/\/www.canclini.it\/fr\/hausammann-moos-1811\/icones-et-finissages\/","og_locale":"fr_FR","og_type":"article","og_title":"Icones et Finissages - Hausammann+Moos 1881","og_description":"[vc_row gradient_colors=\u00a0\u00bb%5B%7B%7D%5D\u00a0\u00bb el_class=\u00a0\u00bbmenu-brand-mobile\u00a0\u00bb][vc_column][vc_wp_custommenu nav_menu=\u00a0\u00bb179&Prime;][\/vc_column][\/vc_row][vc_row full_width=\u00a0\u00bbstretch_row_content\u00a0\u00bb gap=\u00a0\u00bb20&Prime; gradient_colors=\u00a0\u00bb%5B%7B%7D%5D\u00a0\u00bb][vc_column width=\u00a0\u00bb1\/4&Prime;][vc_single_image image=\u00a0\u00bb10925&Prime; img_size=\u00a0\u00bbfull\u00a0\u00bb alignment=\u00a0\u00bbcenter\u00a0\u00bb][\/vc_column][vc_column width=\u00a0\u00bb1\/4&Prime;][vc_single_image image=\u00a0\u00bb10928&Prime; img_size=\u00a0\u00bbfull\u00a0\u00bb alignment=\u00a0\u00bbcenter\u00a0\u00bb][\/vc_column][vc_column width=\u00a0\u00bb1\/4&Prime;][vc_single_image image=\u00a0\u00bb10926&Prime; img_size=\u00a0\u00bbfull\u00a0\u00bb alignment=\u00a0\u00bbcenter\u00a0\u00bb][\/vc_column][vc_column width=\u00a0\u00bb1\/4&Prime;][vc_single_image image=\u00a0\u00bb10929&Prime; img_size=\u00a0\u00bbfull\u00a0\u00bb alignment=\u00a0\u00bbcenter\u00a0\u00bb][\/vc_column][\/vc_row][vc_row gradient_colors=\u00a0\u00bb%5B%7B%7D%5D\u00a0\u00bb el_class=\u00a0\u00bbpaddingper\u00a0\u00bb][vc_column][vc_column_text el_class=\u00a0\u00bbgiustifica\u00a0\u00bb]HAUSAMMANN + MOOS 1881 offre plus de 60 types de finissages. Parmi\u00a0 les plus demand\u00e9s sont les finissages \u00ab\u00a0vitro\u00a0\u00bb\u00a0 \u00ab\u00a0papier\u00a0\u00bb et chinz Notre double retord teint en Piece est surement [&hellip;]","og_url":"https:\/\/www.canclini.it\/fr\/hausammann-moos-1811\/icones-et-finissages\/","og_site_name":"C. Tessile 1925","og_image":[{"width":1920,"height":1080,"url":"https:\/\/www.canclini.it\/wp-content\/uploads\/2021\/11\/HM_icons-lavorazioni-1.jpg","type":"image\/jpeg"}],"twitter_card":"summary_large_image","twitter_misc":{"Dur\u00e9e de lecture estim\u00e9e":"2 minutes"},"schema":{"@context":"https:\/\/schema.org","@graph":[{"@type":"WebSite","@id":"https:\/\/blue1925.it\/#website","url":"https:\/\/blue1925.it\/","name":"C. Tessile 1925","description":"","potentialAction":[{"@type":"SearchAction","target":{"@type":"EntryPoint","urlTemplate":"https:\/\/blue1925.it\/?s={search_term_string}"},"query-input":"required name=search_term_string"}],"inLanguage":"fr-FR"},{"@type":"ImageObject","@id":"https:\/\/www.canclini.it\/fr\/hausammann-moos-1811\/icones-et-finissages\/#primaryimage","inLanguage":"fr-FR","url":"https:\/\/canclini.it\/wp-content\/uploads\/2021\/11\/HM_icons-lavorazioni-1.jpg","contentUrl":"https:\/\/canclini.it\/wp-content\/uploads\/2021\/11\/HM_icons-lavorazioni-1.jpg","width":1920,"height":1080},{"@type":"WebPage","@id":"https:\/\/www.canclini.it\/fr\/hausammann-moos-1811\/icones-et-finissages\/#webpage","url":"https:\/\/www.canclini.it\/fr\/hausammann-moos-1811\/icones-et-finissages\/","name":"Icones et Finissages - Hausammann+Moos 1881","isPartOf":{"@id":"https:\/\/blue1925.it\/#website"},"primaryImageOfPage":{"@id":"https:\/\/www.canclini.it\/fr\/hausammann-moos-1811\/icones-et-finissages\/#primaryimage"},"datePublished":"2022-02-06T18:54:14+00:00","dateModified":"2022-02-06T18:54:14+00:00","breadcrumb":{"@id":"https:\/\/www.canclini.it\/fr\/hausammann-moos-1811\/icones-et-finissages\/#breadcrumb"},"inLanguage":"fr-FR","potentialAction":[{"@type":"ReadAction","target":["https:\/\/www.canclini.it\/fr\/hausammann-moos-1811\/icones-et-finissages\/"]}]},{"@type":"BreadcrumbList","@id":"https:\/\/www.canclini.it\/fr\/hausammann-moos-1811\/icones-et-finissages\/#breadcrumb","itemListElement":[{"@type":"ListItem","position":1,"name":"Home","item":"https:\/\/www.canclini.it\/"},{"@type":"ListItem","position":2,"name":"Histoire","item":"https:\/\/www.canclini.it\/fr\/hausammann-moos-1811\/"},{"@type":"ListItem","position":3,"name":"Icones et Finissages"}]}]}},"_links":{"self":[{"href":"https:\/\/canclini.it\/fr\/wp-json\/wp\/v2\/pages\/11349"}],"collection":[{"href":"https:\/\/canclini.it\/fr\/wp-json\/wp\/v2\/pages"}],"about":[{"href":"https:\/\/canclini.it\/fr\/wp-json\/wp\/v2\/types\/page"}],"author":[{"embeddable":true,"href":"https:\/\/canclini.it\/fr\/wp-json\/wp\/v2\/users\/2"}],"replies":[{"embeddable":true,"href":"https:\/\/canclini.it\/fr\/wp-json\/wp\/v2\/comments?post=11349"}],"version-history":[{"count":1,"href":"https:\/\/canclini.it\/fr\/wp-json\/wp\/v2\/pages\/11349\/revisions"}],"predecessor-version":[{"id":11350,"href":"https:\/\/canclini.it\/fr\/wp-json\/wp\/v2\/pages\/11349\/revisions\/11350"}],"up":[{"embeddable":true,"href":"https:\/\/canclini.it\/fr\/wp-json\/wp\/v2\/pages\/11342"}],"wp:featuredmedia":[{"embeddable":true,"href":"https:\/\/canclini.it\/fr\/wp-json\/wp\/v2\/media\/10924"}],"wp:attachment":[{"href":"https:\/\/canclini.it\/fr\/wp-json\/wp\/v2\/media?parent=11349"}],"curies":[{"name":"wp","href":"https:\/\/api.w.org\/{rel}","templated":true}]}}