    
    {"id":11346,"date":"2022-02-06T19:49:04","date_gmt":"2022-02-06T18:49:04","guid":{"rendered":"https:\/\/www.canclini.it\/?page_id=11346\/"},"modified":"2022-02-06T19:50:35","modified_gmt":"2022-02-06T18:50:35","slug":"le-tissus","status":"publish","type":"page","link":"https:\/\/canclini.it\/fr\/hausammann-moos-1811\/le-tissus\/","title":{"rendered":"Le tissus"},"content":{"rendered":"<p>[vc_row gradient_colors=\u00a0\u00bb%5B%7B%7D%5D\u00a0\u00bb el_class=\u00a0\u00bbmenu-brand-mobile\u00a0\u00bb][vc_column][vc_wp_custommenu nav_menu=\u00a0\u00bb179&Prime;][\/vc_column][\/vc_row][vc_row full_width=\u00a0\u00bbstretch_row_content\u00a0\u00bb gap=\u00a0\u00bb20&Prime; gradient_colors=\u00a0\u00bb%5B%7B%7D%5D\u00a0\u00bb][vc_column width=\u00a0\u00bb1\/4&Prime;][vc_single_image image=\u00a0\u00bb10915&Prime; img_size=\u00a0\u00bbfull\u00a0\u00bb alignment=\u00a0\u00bbcenter\u00a0\u00bb][\/vc_column][vc_column width=\u00a0\u00bb1\/4&Prime;][vc_single_image image=\u00a0\u00bb10916&Prime; img_size=\u00a0\u00bbfull\u00a0\u00bb alignment=\u00a0\u00bbcenter\u00a0\u00bb][\/vc_column][vc_column width=\u00a0\u00bb1\/4&Prime;][vc_single_image image=\u00a0\u00bb10918&Prime; img_size=\u00a0\u00bbfull\u00a0\u00bb alignment=\u00a0\u00bbcenter\u00a0\u00bb][\/vc_column][vc_column width=\u00a0\u00bb1\/4&Prime;][vc_single_image image=\u00a0\u00bb10919&Prime; img_size=\u00a0\u00bbfull\u00a0\u00bb alignment=\u00a0\u00bbcenter\u00a0\u00bb][\/vc_column][\/vc_row][vc_row gradient_colors=\u00a0\u00bb%5B%7B%7D%5D\u00a0\u00bb el_class=\u00a0\u00bbpaddingper\u00a0\u00bb][vc_column][vc_column_text el_class=\u00a0\u00bbgiustifica\u00a0\u00bb]Tous les tissus HAUSAMMANN + MOOS 1881\u00a0 sont le resultat d\u2019un travail soigneuseument elabor\u00e9 par des dessinateurs hautement qualifi\u00e9s.<\/p>\n<p>L\u2019offre est compos\u00e9e de tissus en pur coton ou coton melang\u00e9 avec le la soie ou de la laine.<\/p>\n<p>Depuis que la Societe HAUSAMMANN+MOSS 1881 fait partie du groupe C.TESSILE Spa, celle ci a pu developper une offre pour la femme et l\u2019homme, sur des articles en titrage 120\/2,140\/2, jusqu\u2019\u00e0 170\/2et 200\/2.<\/p>\n<p>La collection inclus desormais toute sorte de fils,tissages,poids et finissages, ainsi qu\u2019un choix important de coloris.<\/p>\n<p><strong>SEA ISLAND<\/strong><\/p>\n<p>L\u2019orgueil de la societe HAUSAMMANN MOOS 1881 est assurement le Sea Island Coton<\/p>\n<p>Connu sous le nom de gossypium barbadense\u00a0\u00bb ou \u00ab\u00a0black seed\u00a0\u00bb,C\u2019est le coton le plus rare et le plus recherch\u00e9 dans le monde.<\/p>\n<p>D\u00e9couvert au d\u00e9but du 18 eme si\u00e8cle dans les Iles Vierges Britanniques la production correspond \u00e0 0,00004% De la production mondiale des longues fibres de coton concentr\u00e9e dans des paradis tropicaux<\/p>\n<p>Ou l\u2019humidit\u00e9 est constante et ou la p\u00e9riode s\u00e8che alterne avec la saison des pluies.<\/p>\n<p>La faible diff\u00e9rence de temp\u00e9rature entre le jour et la nuit fait que la culture du coton ne subit pas de choc thermique et les plantes murissent dans un environnement id\u00e9al et homog\u00e8ne rendant la qualit\u00e9 exceptionnel au coton.[\/vc_column_text][vc_raw_html]JTNDc3R5bGUlM0UlMEEubmF2YmFyJTIwLmhlYWRlci1uYXZpYm94LTMlMjAubmF2Lm5hdmJhci1uYXYlMjAlN0IlMEFkaXNwbGF5JTNBJTIwbm9uZSUzQiUwQSU3RCUwQS55YW1tJTIwJTdCJTBBJTIwJTIwJTIwJTIwbWFyZ2luLXJpZ2h0JTNBJTIwMHB4JTNCJTBBJTdEJTBBJTNDJTJGc3R5bGUlM0U=[\/vc_raw_html][\/vc_column][\/vc_row][vc_row disable_element=\u00a0\u00bbyes\u00a0\u00bb gradient_colors=\u00a0\u00bb%5B%7B%7D%5D\u00a0\u00bb][vc_column][vc_raw_js]JTNDc2NyaXB0JTNFJTBBalF1ZXJ5JTI4JTIwJTIyLmhlYWRlci1uYXZpYm94LTMlMjB1bC5uYXYubmF2YmFyLW5hdiUyMiUyMCUyOS5yZXBsYWNlV2l0aCUyOCUyMCUyMiUzQ2ElMjBocmVmJTNEJTI3JTIzJTI3JTIwY2xhc3MlM0QlMjdicmVhZGNydW1ic19pdGVtJTI3JTNCJTNFJTIzJTNDJTJGYSUzRSUyMiUyMCUyOSUzQiUwQSUzQyUyRnNjcmlwdCUzRQ==[\/vc_raw_js][\/vc_column][\/vc_row]<\/p>\n","protected":false},"excerpt":{"rendered":"<p>[vc_row gradient_colors=\u00a0\u00bb%5B%7B%7D%5D\u00a0\u00bb el_class=\u00a0\u00bbmenu-brand-mobile\u00a0\u00bb][vc_column][vc_wp_custommenu nav_menu=\u00a0\u00bb179&Prime;][\/vc_column][\/vc_row][vc_row full_width=\u00a0\u00bbstretch_row_content\u00a0\u00bb gap=\u00a0\u00bb20&Prime; gradient_colors=\u00a0\u00bb%5B%7B%7D%5D\u00a0\u00bb][vc_column width=\u00a0\u00bb1\/4&Prime;][vc_single_image image=\u00a0\u00bb10915&Prime; img_size=\u00a0\u00bbfull\u00a0\u00bb alignment=\u00a0\u00bbcenter\u00a0\u00bb][\/vc_column][vc_column width=\u00a0\u00bb1\/4&Prime;][vc_single_image image=\u00a0\u00bb10916&Prime; img_size=\u00a0\u00bbfull\u00a0\u00bb alignment=\u00a0\u00bbcenter\u00a0\u00bb][\/vc_column][vc_column width=\u00a0\u00bb1\/4&Prime;][vc_single_image image=\u00a0\u00bb10918&Prime; img_size=\u00a0\u00bbfull\u00a0\u00bb alignment=\u00a0\u00bbcenter\u00a0\u00bb][\/vc_column][vc_column width=\u00a0\u00bb1\/4&Prime;][vc_single_image image=\u00a0\u00bb10919&Prime; img_size=\u00a0\u00bbfull\u00a0\u00bb alignment=\u00a0\u00bbcenter\u00a0\u00bb][\/vc_column][\/vc_row][vc_row gradient_colors=\u00a0\u00bb%5B%7B%7D%5D\u00a0\u00bb el_class=\u00a0\u00bbpaddingper\u00a0\u00bb][vc_column][vc_column_text el_class=\u00a0\u00bbgiustifica\u00a0\u00bb]Tous les tissus HAUSAMMANN + MOOS 1881\u00a0 sont le resultat d\u2019un travail soigneuseument elabor\u00e9 par des dessinateurs hautement qualifi\u00e9s. L\u2019offre est compos\u00e9e de tissus en pur coton ou coton melang\u00e9 [&hellip;]<\/p>\n","protected":false},"author":2,"featured_media":10913,"parent":11342,"menu_order":0,"comment_status":"closed","ping_status":"closed","template":"single-services copy 1.php","meta":[],"acf":[],"yoast_head":"<!-- This site is optimized with the Yoast SEO plugin v17.6 - https:\/\/yoast.com\/wordpress\/plugins\/seo\/ -->\n<title>Le tissus - Hausammann+Moos 1881<\/title>\n<meta name=\"robots\" content=\"index, follow, max-snippet:-1, max-image-preview:large, max-video-preview:-1\" \/>\n<link rel=\"canonical\" href=\"https:\/\/www.canclini.it\/fr\/hausammann-moos-1811\/le-tissus\/\" \/>\n<meta property=\"og:locale\" content=\"fr_FR\" \/>\n<meta property=\"og:type\" content=\"article\" \/>\n<meta property=\"og:title\" content=\"Le tissus - Hausammann+Moos 1881\" \/>\n<meta property=\"og:description\" content=\"[vc_row gradient_colors=\u00a0\u00bb%5B%7B%7D%5D\u00a0\u00bb el_class=\u00a0\u00bbmenu-brand-mobile\u00a0\u00bb][vc_column][vc_wp_custommenu nav_menu=\u00a0\u00bb179&Prime;][\/vc_column][\/vc_row][vc_row full_width=\u00a0\u00bbstretch_row_content\u00a0\u00bb gap=\u00a0\u00bb20&Prime; gradient_colors=\u00a0\u00bb%5B%7B%7D%5D\u00a0\u00bb][vc_column width=\u00a0\u00bb1\/4&Prime;][vc_single_image image=\u00a0\u00bb10915&Prime; img_size=\u00a0\u00bbfull\u00a0\u00bb alignment=\u00a0\u00bbcenter\u00a0\u00bb][\/vc_column][vc_column width=\u00a0\u00bb1\/4&Prime;][vc_single_image image=\u00a0\u00bb10916&Prime; img_size=\u00a0\u00bbfull\u00a0\u00bb alignment=\u00a0\u00bbcenter\u00a0\u00bb][\/vc_column][vc_column width=\u00a0\u00bb1\/4&Prime;][vc_single_image image=\u00a0\u00bb10918&Prime; img_size=\u00a0\u00bbfull\u00a0\u00bb alignment=\u00a0\u00bbcenter\u00a0\u00bb][\/vc_column][vc_column width=\u00a0\u00bb1\/4&Prime;][vc_single_image image=\u00a0\u00bb10919&Prime; img_size=\u00a0\u00bbfull\u00a0\u00bb alignment=\u00a0\u00bbcenter\u00a0\u00bb][\/vc_column][\/vc_row][vc_row gradient_colors=\u00a0\u00bb%5B%7B%7D%5D\u00a0\u00bb el_class=\u00a0\u00bbpaddingper\u00a0\u00bb][vc_column][vc_column_text el_class=\u00a0\u00bbgiustifica\u00a0\u00bb]Tous les tissus HAUSAMMANN + MOOS 1881\u00a0 sont le resultat d\u2019un travail soigneuseument elabor\u00e9 par des dessinateurs hautement qualifi\u00e9s. L\u2019offre est compos\u00e9e de tissus en pur coton ou coton melang\u00e9 [&hellip;]\" \/>\n<meta property=\"og:url\" content=\"https:\/\/www.canclini.it\/fr\/hausammann-moos-1811\/le-tissus\/\" \/>\n<meta property=\"og:site_name\" content=\"C. Tessile 1925\" \/>\n<meta property=\"article:modified_time\" content=\"2022-02-06T18:50:35+00:00\" \/>\n<meta property=\"og:image\" content=\"https:\/\/www.canclini.it\/wp-content\/uploads\/2021\/11\/HM_tessuti-1.jpg\" \/>\n\t<meta property=\"og:image:width\" content=\"1920\" \/>\n\t<meta property=\"og:image:height\" content=\"1080\" \/>\n<meta name=\"twitter:card\" content=\"summary_large_image\" \/>\n<meta name=\"twitter:label1\" content=\"Dur\u00e9e de lecture estim\u00e9e\" \/>\n\t<meta name=\"twitter:data1\" content=\"2 minutes\" \/>\n<script type=\"application\/ld+json\" class=\"yoast-schema-graph\">{\"@context\":\"https:\/\/schema.org\",\"@graph\":[{\"@type\":\"WebSite\",\"@id\":\"https:\/\/blue1925.it\/#website\",\"url\":\"https:\/\/blue1925.it\/\",\"name\":\"C. Tessile 1925\",\"description\":\"\",\"potentialAction\":[{\"@type\":\"SearchAction\",\"target\":{\"@type\":\"EntryPoint\",\"urlTemplate\":\"https:\/\/blue1925.it\/?s={search_term_string}\"},\"query-input\":\"required name=search_term_string\"}],\"inLanguage\":\"fr-FR\"},{\"@type\":\"ImageObject\",\"@id\":\"https:\/\/www.canclini.it\/fr\/hausammann-moos-1811\/le-tissus\/#primaryimage\",\"inLanguage\":\"fr-FR\",\"url\":\"https:\/\/canclini.it\/wp-content\/uploads\/2021\/11\/HM_tessuti-1.jpg\",\"contentUrl\":\"https:\/\/canclini.it\/wp-content\/uploads\/2021\/11\/HM_tessuti-1.jpg\",\"width\":1920,\"height\":1080},{\"@type\":\"WebPage\",\"@id\":\"https:\/\/www.canclini.it\/fr\/hausammann-moos-1811\/le-tissus\/#webpage\",\"url\":\"https:\/\/www.canclini.it\/fr\/hausammann-moos-1811\/le-tissus\/\",\"name\":\"Le tissus - Hausammann+Moos 1881\",\"isPartOf\":{\"@id\":\"https:\/\/blue1925.it\/#website\"},\"primaryImageOfPage\":{\"@id\":\"https:\/\/www.canclini.it\/fr\/hausammann-moos-1811\/le-tissus\/#primaryimage\"},\"datePublished\":\"2022-02-06T18:49:04+00:00\",\"dateModified\":\"2022-02-06T18:50:35+00:00\",\"breadcrumb\":{\"@id\":\"https:\/\/www.canclini.it\/fr\/hausammann-moos-1811\/le-tissus\/#breadcrumb\"},\"inLanguage\":\"fr-FR\",\"potentialAction\":[{\"@type\":\"ReadAction\",\"target\":[\"https:\/\/www.canclini.it\/fr\/hausammann-moos-1811\/le-tissus\/\"]}]},{\"@type\":\"BreadcrumbList\",\"@id\":\"https:\/\/www.canclini.it\/fr\/hausammann-moos-1811\/le-tissus\/#breadcrumb\",\"itemListElement\":[{\"@type\":\"ListItem\",\"position\":1,\"name\":\"Home\",\"item\":\"https:\/\/www.canclini.it\/\"},{\"@type\":\"ListItem\",\"position\":2,\"name\":\"Histoire\",\"item\":\"https:\/\/www.canclini.it\/fr\/hausammann-moos-1811\/\"},{\"@type\":\"ListItem\",\"position\":3,\"name\":\"Le tissus\"}]}]}<\/script>\n<!-- \/ Yoast SEO plugin. -->","yoast_head_json":{"title":"Le tissus - Hausammann+Moos 1881","robots":{"index":"index","follow":"follow","max-snippet":"max-snippet:-1","max-image-preview":"max-image-preview:large","max-video-preview":"max-video-preview:-1"},"canonical":"https:\/\/www.canclini.it\/fr\/hausammann-moos-1811\/le-tissus\/","og_locale":"fr_FR","og_type":"article","og_title":"Le tissus - Hausammann+Moos 1881","og_description":"[vc_row gradient_colors=\u00a0\u00bb%5B%7B%7D%5D\u00a0\u00bb el_class=\u00a0\u00bbmenu-brand-mobile\u00a0\u00bb][vc_column][vc_wp_custommenu nav_menu=\u00a0\u00bb179&Prime;][\/vc_column][\/vc_row][vc_row full_width=\u00a0\u00bbstretch_row_content\u00a0\u00bb gap=\u00a0\u00bb20&Prime; gradient_colors=\u00a0\u00bb%5B%7B%7D%5D\u00a0\u00bb][vc_column width=\u00a0\u00bb1\/4&Prime;][vc_single_image image=\u00a0\u00bb10915&Prime; img_size=\u00a0\u00bbfull\u00a0\u00bb alignment=\u00a0\u00bbcenter\u00a0\u00bb][\/vc_column][vc_column width=\u00a0\u00bb1\/4&Prime;][vc_single_image image=\u00a0\u00bb10916&Prime; img_size=\u00a0\u00bbfull\u00a0\u00bb alignment=\u00a0\u00bbcenter\u00a0\u00bb][\/vc_column][vc_column width=\u00a0\u00bb1\/4&Prime;][vc_single_image image=\u00a0\u00bb10918&Prime; img_size=\u00a0\u00bbfull\u00a0\u00bb alignment=\u00a0\u00bbcenter\u00a0\u00bb][\/vc_column][vc_column width=\u00a0\u00bb1\/4&Prime;][vc_single_image image=\u00a0\u00bb10919&Prime; img_size=\u00a0\u00bbfull\u00a0\u00bb alignment=\u00a0\u00bbcenter\u00a0\u00bb][\/vc_column][\/vc_row][vc_row gradient_colors=\u00a0\u00bb%5B%7B%7D%5D\u00a0\u00bb el_class=\u00a0\u00bbpaddingper\u00a0\u00bb][vc_column][vc_column_text el_class=\u00a0\u00bbgiustifica\u00a0\u00bb]Tous les tissus HAUSAMMANN + MOOS 1881\u00a0 sont le resultat d\u2019un travail soigneuseument elabor\u00e9 par des dessinateurs hautement qualifi\u00e9s. L\u2019offre est compos\u00e9e de tissus en pur coton ou coton melang\u00e9 [&hellip;]","og_url":"https:\/\/www.canclini.it\/fr\/hausammann-moos-1811\/le-tissus\/","og_site_name":"C. Tessile 1925","article_modified_time":"2022-02-06T18:50:35+00:00","og_image":[{"width":1920,"height":1080,"url":"https:\/\/www.canclini.it\/wp-content\/uploads\/2021\/11\/HM_tessuti-1.jpg","type":"image\/jpeg"}],"twitter_card":"summary_large_image","twitter_misc":{"Dur\u00e9e de lecture estim\u00e9e":"2 minutes"},"schema":{"@context":"https:\/\/schema.org","@graph":[{"@type":"WebSite","@id":"https:\/\/blue1925.it\/#website","url":"https:\/\/blue1925.it\/","name":"C. Tessile 1925","description":"","potentialAction":[{"@type":"SearchAction","target":{"@type":"EntryPoint","urlTemplate":"https:\/\/blue1925.it\/?s={search_term_string}"},"query-input":"required name=search_term_string"}],"inLanguage":"fr-FR"},{"@type":"ImageObject","@id":"https:\/\/www.canclini.it\/fr\/hausammann-moos-1811\/le-tissus\/#primaryimage","inLanguage":"fr-FR","url":"https:\/\/canclini.it\/wp-content\/uploads\/2021\/11\/HM_tessuti-1.jpg","contentUrl":"https:\/\/canclini.it\/wp-content\/uploads\/2021\/11\/HM_tessuti-1.jpg","width":1920,"height":1080},{"@type":"WebPage","@id":"https:\/\/www.canclini.it\/fr\/hausammann-moos-1811\/le-tissus\/#webpage","url":"https:\/\/www.canclini.it\/fr\/hausammann-moos-1811\/le-tissus\/","name":"Le tissus - Hausammann+Moos 1881","isPartOf":{"@id":"https:\/\/blue1925.it\/#website"},"primaryImageOfPage":{"@id":"https:\/\/www.canclini.it\/fr\/hausammann-moos-1811\/le-tissus\/#primaryimage"},"datePublished":"2022-02-06T18:49:04+00:00","dateModified":"2022-02-06T18:50:35+00:00","breadcrumb":{"@id":"https:\/\/www.canclini.it\/fr\/hausammann-moos-1811\/le-tissus\/#breadcrumb"},"inLanguage":"fr-FR","potentialAction":[{"@type":"ReadAction","target":["https:\/\/www.canclini.it\/fr\/hausammann-moos-1811\/le-tissus\/"]}]},{"@type":"BreadcrumbList","@id":"https:\/\/www.canclini.it\/fr\/hausammann-moos-1811\/le-tissus\/#breadcrumb","itemListElement":[{"@type":"ListItem","position":1,"name":"Home","item":"https:\/\/www.canclini.it\/"},{"@type":"ListItem","position":2,"name":"Histoire","item":"https:\/\/www.canclini.it\/fr\/hausammann-moos-1811\/"},{"@type":"ListItem","position":3,"name":"Le tissus"}]}]}},"_links":{"self":[{"href":"https:\/\/canclini.it\/fr\/wp-json\/wp\/v2\/pages\/11346"}],"collection":[{"href":"https:\/\/canclini.it\/fr\/wp-json\/wp\/v2\/pages"}],"about":[{"href":"https:\/\/canclini.it\/fr\/wp-json\/wp\/v2\/types\/page"}],"author":[{"embeddable":true,"href":"https:\/\/canclini.it\/fr\/wp-json\/wp\/v2\/users\/2"}],"replies":[{"embeddable":true,"href":"https:\/\/canclini.it\/fr\/wp-json\/wp\/v2\/comments?post=11346"}],"version-history":[{"count":2,"href":"https:\/\/canclini.it\/fr\/wp-json\/wp\/v2\/pages\/11346\/revisions"}],"predecessor-version":[{"id":11348,"href":"https:\/\/canclini.it\/fr\/wp-json\/wp\/v2\/pages\/11346\/revisions\/11348"}],"up":[{"embeddable":true,"href":"https:\/\/canclini.it\/fr\/wp-json\/wp\/v2\/pages\/11342"}],"wp:featuredmedia":[{"embeddable":true,"href":"https:\/\/canclini.it\/fr\/wp-json\/wp\/v2\/media\/10913"}],"wp:attachment":[{"href":"https:\/\/canclini.it\/fr\/wp-json\/wp\/v2\/media?parent=11346"}],"curies":[{"name":"wp","href":"https:\/\/api.w.org\/{rel}","templated":true}]}}