    
    {"id":11344,"date":"2022-02-06T19:45:24","date_gmt":"2022-02-06T18:45:24","guid":{"rendered":"https:\/\/www.canclini.it\/?page_id=11344\/"},"modified":"2022-02-06T19:45:24","modified_gmt":"2022-02-06T18:45:24","slug":"philosophie","status":"publish","type":"page","link":"https:\/\/canclini.it\/fr\/hausammann-moos-1811\/philosophie\/","title":{"rendered":"Philosophie"},"content":{"rendered":"<p>[vc_row gradient_colors=\u00a0\u00bb%5B%7B%7D%5D\u00a0\u00bb el_class=\u00a0\u00bbmenu-brand-mobile\u00a0\u00bb][vc_column][vc_wp_custommenu nav_menu=\u00a0\u00bb179&Prime;][\/vc_column][\/vc_row][vc_row full_width=\u00a0\u00bbstretch_row_content\u00a0\u00bb gap=\u00a0\u00bb20&Prime; gradient_colors=\u00a0\u00bb%5B%7B%7D%5D\u00a0\u00bb][vc_column width=\u00a0\u00bb1\/4&Prime;][vc_single_image image=\u00a0\u00bb10905&Prime; img_size=\u00a0\u00bbfull\u00a0\u00bb alignment=\u00a0\u00bbcenter\u00a0\u00bb][\/vc_column][vc_column width=\u00a0\u00bb1\/4&Prime;][vc_single_image image=\u00a0\u00bb10906&Prime; img_size=\u00a0\u00bbfull\u00a0\u00bb alignment=\u00a0\u00bbcenter\u00a0\u00bb][\/vc_column][vc_column width=\u00a0\u00bb1\/4&Prime;][vc_single_image image=\u00a0\u00bb10908&Prime; img_size=\u00a0\u00bbfull\u00a0\u00bb alignment=\u00a0\u00bbcenter\u00a0\u00bb][\/vc_column][vc_column width=\u00a0\u00bb1\/4&Prime;][vc_single_image image=\u00a0\u00bb10909&Prime; img_size=\u00a0\u00bbfull\u00a0\u00bb alignment=\u00a0\u00bbcenter\u00a0\u00bb][\/vc_column][\/vc_row][vc_row gradient_colors=\u00a0\u00bb%5B%7B%7D%5D\u00a0\u00bb el_class=\u00a0\u00bbpaddingper\u00a0\u00bb][vc_column][vc_column_text el_class=\u00a0\u00bbgiustifica\u00a0\u00bb]Notre mission est de produire des tissus pour pour vetements et chemises qui sont concus,dessin\u00e9s et fabriqu\u00e9s\u00a0 pour des clients qui adorent la qualit\u00e9,le style,la recherche et l\u2019innovation.<\/p>\n<p>Pour obtenir le tissus parfait il est necessaire de faire attention \u00e0 plusieurs facteurs que notre philosophie respecte: le choix de selectionner les meilleurs fils.<\/p>\n<p>La capacit\u00e9 de suivre la totalit\u00e9 de la production pas \u00e0 pas qui va\u00a0 de la filature au tissage en passant par la teinture et au finissage avec des technologies avanc\u00e9es.<\/p>\n<p>Toutes nos collections sont cerifi\u00e9es OEKOTEX 100 et OEKOTEX 100+.Nous pouvons nous vanter d\u2019appartenir au SWISS COTON + qui assure\u00a0 que le produit ne contient pas de substances nocives pour<\/p>\n<p>La sant\u00e9 humaine et garantie \u00e0 l\u2019utilisateur final la qualit\u00e9 ecologique. Nous presentons egalement une selection de tissus Organiques certifi\u00e9s GOSTS de la fibre jusqu\u2019au produit fini.[\/vc_column_text][vc_raw_html]JTNDc3R5bGUlM0UlMEEubmF2YmFyJTIwLmhlYWRlci1uYXZpYm94LTMlMjAubmF2Lm5hdmJhci1uYXYlMjAlN0IlMEFkaXNwbGF5JTNBJTIwbm9uZSUzQiUwQSU3RCUwQS55YW1tJTIwJTdCJTBBJTIwJTIwJTIwJTIwbWFyZ2luLXJpZ2h0JTNBJTIwMHB4JTNCJTBBJTdEJTBBJTNDJTJGc3R5bGUlM0U=[\/vc_raw_html][\/vc_column][\/vc_row][vc_row disable_element=\u00a0\u00bbyes\u00a0\u00bb gradient_colors=\u00a0\u00bb%5B%7B%7D%5D\u00a0\u00bb][vc_column][vc_raw_js]JTNDc2NyaXB0JTNFJTBBalF1ZXJ5JTI4JTIwJTIyLmhlYWRlci1uYXZpYm94LTMlMjB1bC5uYXYubmF2YmFyLW5hdiUyMiUyMCUyOS5yZXBsYWNlV2l0aCUyOCUyMCUyMiUzQ2ElMjBocmVmJTNEJTI3JTIzJTI3JTIwY2xhc3MlM0QlMjdicmVhZGNydW1ic19pdGVtJTI3JTNCJTNFJTIzJTNDJTJGYSUzRSUyMiUyMCUyOSUzQiUwQSUzQyUyRnNjcmlwdCUzRQ==[\/vc_raw_js][\/vc_column][\/vc_row]<\/p>\n","protected":false},"excerpt":{"rendered":"<p>[vc_row gradient_colors=\u00a0\u00bb%5B%7B%7D%5D\u00a0\u00bb el_class=\u00a0\u00bbmenu-brand-mobile\u00a0\u00bb][vc_column][vc_wp_custommenu nav_menu=\u00a0\u00bb179&Prime;][\/vc_column][\/vc_row][vc_row full_width=\u00a0\u00bbstretch_row_content\u00a0\u00bb gap=\u00a0\u00bb20&Prime; gradient_colors=\u00a0\u00bb%5B%7B%7D%5D\u00a0\u00bb][vc_column width=\u00a0\u00bb1\/4&Prime;][vc_single_image image=\u00a0\u00bb10905&Prime; img_size=\u00a0\u00bbfull\u00a0\u00bb alignment=\u00a0\u00bbcenter\u00a0\u00bb][\/vc_column][vc_column width=\u00a0\u00bb1\/4&Prime;][vc_single_image image=\u00a0\u00bb10906&Prime; img_size=\u00a0\u00bbfull\u00a0\u00bb alignment=\u00a0\u00bbcenter\u00a0\u00bb][\/vc_column][vc_column width=\u00a0\u00bb1\/4&Prime;][vc_single_image image=\u00a0\u00bb10908&Prime; img_size=\u00a0\u00bbfull\u00a0\u00bb alignment=\u00a0\u00bbcenter\u00a0\u00bb][\/vc_column][vc_column width=\u00a0\u00bb1\/4&Prime;][vc_single_image image=\u00a0\u00bb10909&Prime; img_size=\u00a0\u00bbfull\u00a0\u00bb alignment=\u00a0\u00bbcenter\u00a0\u00bb][\/vc_column][\/vc_row][vc_row gradient_colors=\u00a0\u00bb%5B%7B%7D%5D\u00a0\u00bb el_class=\u00a0\u00bbpaddingper\u00a0\u00bb][vc_column][vc_column_text el_class=\u00a0\u00bbgiustifica\u00a0\u00bb]Notre mission est de produire des tissus pour pour vetements et chemises qui sont concus,dessin\u00e9s et fabriqu\u00e9s\u00a0 pour des clients qui adorent la qualit\u00e9,le style,la recherche et l\u2019innovation. Pour obtenir [&hellip;]<\/p>\n","protected":false},"author":2,"featured_media":10904,"parent":11342,"menu_order":0,"comment_status":"closed","ping_status":"closed","template":"single-services copy 1.php","meta":[],"acf":[],"yoast_head":"<!-- This site is optimized with the Yoast SEO plugin v17.6 - https:\/\/yoast.com\/wordpress\/plugins\/seo\/ -->\n<title>Philosophie - Hausammann+Moos 1881<\/title>\n<meta name=\"robots\" content=\"index, follow, max-snippet:-1, max-image-preview:large, max-video-preview:-1\" \/>\n<link rel=\"canonical\" href=\"https:\/\/www.canclini.com\/fr\/hausammann-moos-1811\/philosophie\/\" \/>\n<meta property=\"og:locale\" content=\"fr_FR\" \/>\n<meta property=\"og:type\" content=\"article\" \/>\n<meta property=\"og:title\" content=\"Philosophie - Hausammann+Moos 1881\" \/>\n<meta property=\"og:description\" content=\"[vc_row gradient_colors=\u00a0\u00bb%5B%7B%7D%5D\u00a0\u00bb el_class=\u00a0\u00bbmenu-brand-mobile\u00a0\u00bb][vc_column][vc_wp_custommenu nav_menu=\u00a0\u00bb179&Prime;][\/vc_column][\/vc_row][vc_row full_width=\u00a0\u00bbstretch_row_content\u00a0\u00bb gap=\u00a0\u00bb20&Prime; gradient_colors=\u00a0\u00bb%5B%7B%7D%5D\u00a0\u00bb][vc_column width=\u00a0\u00bb1\/4&Prime;][vc_single_image image=\u00a0\u00bb10905&Prime; img_size=\u00a0\u00bbfull\u00a0\u00bb alignment=\u00a0\u00bbcenter\u00a0\u00bb][\/vc_column][vc_column width=\u00a0\u00bb1\/4&Prime;][vc_single_image image=\u00a0\u00bb10906&Prime; img_size=\u00a0\u00bbfull\u00a0\u00bb alignment=\u00a0\u00bbcenter\u00a0\u00bb][\/vc_column][vc_column width=\u00a0\u00bb1\/4&Prime;][vc_single_image image=\u00a0\u00bb10908&Prime; img_size=\u00a0\u00bbfull\u00a0\u00bb alignment=\u00a0\u00bbcenter\u00a0\u00bb][\/vc_column][vc_column width=\u00a0\u00bb1\/4&Prime;][vc_single_image image=\u00a0\u00bb10909&Prime; img_size=\u00a0\u00bbfull\u00a0\u00bb alignment=\u00a0\u00bbcenter\u00a0\u00bb][\/vc_column][\/vc_row][vc_row gradient_colors=\u00a0\u00bb%5B%7B%7D%5D\u00a0\u00bb el_class=\u00a0\u00bbpaddingper\u00a0\u00bb][vc_column][vc_column_text el_class=\u00a0\u00bbgiustifica\u00a0\u00bb]Notre mission est de produire des tissus pour pour vetements et chemises qui sont concus,dessin\u00e9s et fabriqu\u00e9s\u00a0 pour des clients qui adorent la qualit\u00e9,le style,la recherche et l\u2019innovation. Pour obtenir [&hellip;]\" \/>\n<meta property=\"og:url\" content=\"https:\/\/www.canclini.com\/fr\/hausammann-moos-1811\/philosophie\/\" \/>\n<meta property=\"og:site_name\" content=\"C. Tessile 1925\" \/>\n<meta property=\"og:image\" content=\"https:\/\/www.canclini.com\/wp-content\/uploads\/2021\/11\/HM_filosofia-1.jpg\" \/>\n\t<meta property=\"og:image:width\" content=\"1920\" \/>\n\t<meta property=\"og:image:height\" content=\"1080\" \/>\n<meta name=\"twitter:card\" content=\"summary_large_image\" \/>\n<meta name=\"twitter:label1\" content=\"Dur\u00e9e de lecture estim\u00e9e\" \/>\n\t<meta name=\"twitter:data1\" content=\"1 minute\" \/>\n<script type=\"application\/ld+json\" class=\"yoast-schema-graph\">{\"@context\":\"https:\/\/schema.org\",\"@graph\":[{\"@type\":\"WebSite\",\"@id\":\"https:\/\/profilotessile.it\/#website\",\"url\":\"https:\/\/profilotessile.it\/\",\"name\":\"C. Tessile 1925\",\"description\":\"\",\"potentialAction\":[{\"@type\":\"SearchAction\",\"target\":{\"@type\":\"EntryPoint\",\"urlTemplate\":\"https:\/\/profilotessile.it\/?s={search_term_string}\"},\"query-input\":\"required name=search_term_string\"}],\"inLanguage\":\"fr-FR\"},{\"@type\":\"ImageObject\",\"@id\":\"https:\/\/www.canclini.com\/fr\/hausammann-moos-1811\/philosophie\/#primaryimage\",\"inLanguage\":\"fr-FR\",\"url\":\"https:\/\/canclini.it\/wp-content\/uploads\/2021\/11\/HM_filosofia-1.jpg\",\"contentUrl\":\"https:\/\/canclini.it\/wp-content\/uploads\/2021\/11\/HM_filosofia-1.jpg\",\"width\":1920,\"height\":1080},{\"@type\":\"WebPage\",\"@id\":\"https:\/\/www.canclini.com\/fr\/hausammann-moos-1811\/philosophie\/#webpage\",\"url\":\"https:\/\/www.canclini.com\/fr\/hausammann-moos-1811\/philosophie\/\",\"name\":\"Philosophie - Hausammann+Moos 1881\",\"isPartOf\":{\"@id\":\"https:\/\/profilotessile.it\/#website\"},\"primaryImageOfPage\":{\"@id\":\"https:\/\/www.canclini.com\/fr\/hausammann-moos-1811\/philosophie\/#primaryimage\"},\"datePublished\":\"2022-02-06T18:45:24+00:00\",\"dateModified\":\"2022-02-06T18:45:24+00:00\",\"breadcrumb\":{\"@id\":\"https:\/\/www.canclini.com\/fr\/hausammann-moos-1811\/philosophie\/#breadcrumb\"},\"inLanguage\":\"fr-FR\",\"potentialAction\":[{\"@type\":\"ReadAction\",\"target\":[\"https:\/\/www.canclini.com\/fr\/hausammann-moos-1811\/philosophie\/\"]}]},{\"@type\":\"BreadcrumbList\",\"@id\":\"https:\/\/www.canclini.com\/fr\/hausammann-moos-1811\/philosophie\/#breadcrumb\",\"itemListElement\":[{\"@type\":\"ListItem\",\"position\":1,\"name\":\"Home\",\"item\":\"https:\/\/canclini.hk\/\"},{\"@type\":\"ListItem\",\"position\":2,\"name\":\"Histoire\",\"item\":\"https:\/\/www.canclini.com\/fr\/hausammann-moos-1811\/\"},{\"@type\":\"ListItem\",\"position\":3,\"name\":\"Philosophie\"}]}]}<\/script>\n<!-- \/ Yoast SEO plugin. -->","yoast_head_json":{"title":"Philosophie - Hausammann+Moos 1881","robots":{"index":"index","follow":"follow","max-snippet":"max-snippet:-1","max-image-preview":"max-image-preview:large","max-video-preview":"max-video-preview:-1"},"canonical":"https:\/\/www.canclini.com\/fr\/hausammann-moos-1811\/philosophie\/","og_locale":"fr_FR","og_type":"article","og_title":"Philosophie - Hausammann+Moos 1881","og_description":"[vc_row gradient_colors=\u00a0\u00bb%5B%7B%7D%5D\u00a0\u00bb el_class=\u00a0\u00bbmenu-brand-mobile\u00a0\u00bb][vc_column][vc_wp_custommenu nav_menu=\u00a0\u00bb179&Prime;][\/vc_column][\/vc_row][vc_row full_width=\u00a0\u00bbstretch_row_content\u00a0\u00bb gap=\u00a0\u00bb20&Prime; gradient_colors=\u00a0\u00bb%5B%7B%7D%5D\u00a0\u00bb][vc_column width=\u00a0\u00bb1\/4&Prime;][vc_single_image image=\u00a0\u00bb10905&Prime; img_size=\u00a0\u00bbfull\u00a0\u00bb alignment=\u00a0\u00bbcenter\u00a0\u00bb][\/vc_column][vc_column width=\u00a0\u00bb1\/4&Prime;][vc_single_image image=\u00a0\u00bb10906&Prime; img_size=\u00a0\u00bbfull\u00a0\u00bb alignment=\u00a0\u00bbcenter\u00a0\u00bb][\/vc_column][vc_column width=\u00a0\u00bb1\/4&Prime;][vc_single_image image=\u00a0\u00bb10908&Prime; img_size=\u00a0\u00bbfull\u00a0\u00bb alignment=\u00a0\u00bbcenter\u00a0\u00bb][\/vc_column][vc_column width=\u00a0\u00bb1\/4&Prime;][vc_single_image image=\u00a0\u00bb10909&Prime; img_size=\u00a0\u00bbfull\u00a0\u00bb alignment=\u00a0\u00bbcenter\u00a0\u00bb][\/vc_column][\/vc_row][vc_row gradient_colors=\u00a0\u00bb%5B%7B%7D%5D\u00a0\u00bb el_class=\u00a0\u00bbpaddingper\u00a0\u00bb][vc_column][vc_column_text el_class=\u00a0\u00bbgiustifica\u00a0\u00bb]Notre mission est de produire des tissus pour pour vetements et chemises qui sont concus,dessin\u00e9s et fabriqu\u00e9s\u00a0 pour des clients qui adorent la qualit\u00e9,le style,la recherche et l\u2019innovation. Pour obtenir [&hellip;]","og_url":"https:\/\/www.canclini.com\/fr\/hausammann-moos-1811\/philosophie\/","og_site_name":"C. Tessile 1925","og_image":[{"width":1920,"height":1080,"url":"https:\/\/www.canclini.com\/wp-content\/uploads\/2021\/11\/HM_filosofia-1.jpg","type":"image\/jpeg"}],"twitter_card":"summary_large_image","twitter_misc":{"Dur\u00e9e de lecture estim\u00e9e":"1 minute"},"schema":{"@context":"https:\/\/schema.org","@graph":[{"@type":"WebSite","@id":"https:\/\/profilotessile.it\/#website","url":"https:\/\/profilotessile.it\/","name":"C. Tessile 1925","description":"","potentialAction":[{"@type":"SearchAction","target":{"@type":"EntryPoint","urlTemplate":"https:\/\/profilotessile.it\/?s={search_term_string}"},"query-input":"required name=search_term_string"}],"inLanguage":"fr-FR"},{"@type":"ImageObject","@id":"https:\/\/www.canclini.com\/fr\/hausammann-moos-1811\/philosophie\/#primaryimage","inLanguage":"fr-FR","url":"https:\/\/canclini.it\/wp-content\/uploads\/2021\/11\/HM_filosofia-1.jpg","contentUrl":"https:\/\/canclini.it\/wp-content\/uploads\/2021\/11\/HM_filosofia-1.jpg","width":1920,"height":1080},{"@type":"WebPage","@id":"https:\/\/www.canclini.com\/fr\/hausammann-moos-1811\/philosophie\/#webpage","url":"https:\/\/www.canclini.com\/fr\/hausammann-moos-1811\/philosophie\/","name":"Philosophie - Hausammann+Moos 1881","isPartOf":{"@id":"https:\/\/profilotessile.it\/#website"},"primaryImageOfPage":{"@id":"https:\/\/www.canclini.com\/fr\/hausammann-moos-1811\/philosophie\/#primaryimage"},"datePublished":"2022-02-06T18:45:24+00:00","dateModified":"2022-02-06T18:45:24+00:00","breadcrumb":{"@id":"https:\/\/www.canclini.com\/fr\/hausammann-moos-1811\/philosophie\/#breadcrumb"},"inLanguage":"fr-FR","potentialAction":[{"@type":"ReadAction","target":["https:\/\/www.canclini.com\/fr\/hausammann-moos-1811\/philosophie\/"]}]},{"@type":"BreadcrumbList","@id":"https:\/\/www.canclini.com\/fr\/hausammann-moos-1811\/philosophie\/#breadcrumb","itemListElement":[{"@type":"ListItem","position":1,"name":"Home","item":"https:\/\/canclini.hk\/"},{"@type":"ListItem","position":2,"name":"Histoire","item":"https:\/\/www.canclini.com\/fr\/hausammann-moos-1811\/"},{"@type":"ListItem","position":3,"name":"Philosophie"}]}]}},"_links":{"self":[{"href":"https:\/\/canclini.it\/fr\/wp-json\/wp\/v2\/pages\/11344"}],"collection":[{"href":"https:\/\/canclini.it\/fr\/wp-json\/wp\/v2\/pages"}],"about":[{"href":"https:\/\/canclini.it\/fr\/wp-json\/wp\/v2\/types\/page"}],"author":[{"embeddable":true,"href":"https:\/\/canclini.it\/fr\/wp-json\/wp\/v2\/users\/2"}],"replies":[{"embeddable":true,"href":"https:\/\/canclini.it\/fr\/wp-json\/wp\/v2\/comments?post=11344"}],"version-history":[{"count":1,"href":"https:\/\/canclini.it\/fr\/wp-json\/wp\/v2\/pages\/11344\/revisions"}],"predecessor-version":[{"id":11345,"href":"https:\/\/canclini.it\/fr\/wp-json\/wp\/v2\/pages\/11344\/revisions\/11345"}],"up":[{"embeddable":true,"href":"https:\/\/canclini.it\/fr\/wp-json\/wp\/v2\/pages\/11342"}],"wp:featuredmedia":[{"embeddable":true,"href":"https:\/\/canclini.it\/fr\/wp-json\/wp\/v2\/media\/10904"}],"wp:attachment":[{"href":"https:\/\/canclini.it\/fr\/wp-json\/wp\/v2\/media?parent=11344"}],"curies":[{"name":"wp","href":"https:\/\/api.w.org\/{rel}","templated":true}]}}