    
    {"id":11342,"date":"2022-02-06T19:42:41","date_gmt":"2022-02-06T18:42:41","guid":{"rendered":"https:\/\/www.canclini.it\/?page_id=11342\/"},"modified":"2022-02-06T19:42:41","modified_gmt":"2022-02-06T18:42:41","slug":"hausammann-moos-1811","status":"publish","type":"page","link":"https:\/\/canclini.it\/fr\/hausammann-moos-1811\/","title":{"rendered":"Histoire"},"content":{"rendered":"<p>[vc_row gradient_colors=\u00a0\u00bb%5B%7B%7D%5D\u00a0\u00bb el_class=\u00a0\u00bbmenu-brand-mobile\u00a0\u00bb][vc_column][vc_wp_custommenu nav_menu=\u00a0\u00bb179&Prime;][\/vc_column][\/vc_row][vc_row full_width=\u00a0\u00bbstretch_row_content\u00a0\u00bb gap=\u00a0\u00bb20&Prime; gradient_colors=\u00a0\u00bb%5B%7B%7D%5D\u00a0\u00bb][vc_column width=\u00a0\u00bb1\/4&Prime;][vc_single_image image=\u00a0\u00bb10894&Prime; img_size=\u00a0\u00bbfull\u00a0\u00bb alignment=\u00a0\u00bbcenter\u00a0\u00bb][\/vc_column][vc_column width=\u00a0\u00bb1\/4&Prime;][vc_single_image image=\u00a0\u00bb10895&Prime; img_size=\u00a0\u00bbfull\u00a0\u00bb alignment=\u00a0\u00bbcenter\u00a0\u00bb][\/vc_column][vc_column width=\u00a0\u00bb1\/4&Prime;][vc_single_image image=\u00a0\u00bb10896&Prime; img_size=\u00a0\u00bbfull\u00a0\u00bb alignment=\u00a0\u00bbcenter\u00a0\u00bb][\/vc_column][vc_column width=\u00a0\u00bb1\/4&Prime;][vc_single_image image=\u00a0\u00bb10897&Prime; img_size=\u00a0\u00bbfull\u00a0\u00bb alignment=\u00a0\u00bbcenter\u00a0\u00bb][\/vc_column][\/vc_row][vc_row gradient_colors=\u00a0\u00bb%5B%7B%7D%5D\u00a0\u00bb el_class=\u00a0\u00bbpaddingper\u00a0\u00bb][vc_column][vc_column_text el_class=\u00a0\u00bbgiustifica\u00a0\u00bb]La Soci\u00e9t\u00e9 HAUSAMMANN+MOOS 1811 est une societe Suisse Historique qui offre depuis deux siecles<\/p>\n<p>Des tissus haut de gamme pour des vestes,chemises,et robes.<\/p>\n<p>Le precieux savoir faire s\u2019est transmis de generations en generations et les investissements dans les nouvelles technologies et les machines.La capacit\u00e9 importante \u00e0 suivre les evolutions des march\u00e9s ont fait de cette societe un leader mondial dans la creation et\u00a0 la production de tissus de luxe.<\/p>\n<p>La collection se compose de differents types de titrage de fils,de differents type de tissages et finissages.<\/p>\n<p>Dans le but de satisfaire le plus grand nombre de clients \u00e0 la fois pour femme et pour homme tout en maintenant les\u00a0 valeurs clefs pour laquelle la societ\u00e9 croit a savoir :la qualit\u00e9,fiabilit\u00e9,courtoisie.<\/p>\n<p>En 2015 la societe HAUSAMMANN+MOOS 1811 devient une filiale de C.TESSILE S.P.A GROUP.<\/p>\n<p>Cette combinaison a permis au groupe une grande extension d\u2019offre sur le march\u00e9.<\/p>\n<p>Le savoir faire sur le monde de la mode feminine de HAUSAMMANN+MOOS 1811 et les capacit\u00e9s de la societe CANCLINI producteur de tissus haut de gamme sur le march\u00e9 masculin depuis 1925 ont cr\u00e9\u00e9 une parfaite synergie qui donnent une offre tres riche sur le march\u00e9 haut de gamme[\/vc_column_text][vc_raw_html]JTNDc3R5bGUlM0UlMEEubmF2YmFyJTIwLmhlYWRlci1uYXZpYm94LTMlMjAubmF2Lm5hdmJhci1uYXYlMjAlN0IlMEFkaXNwbGF5JTNBJTIwbm9uZSUzQiUwQSU3RCUwQS55YW1tJTIwJTdCJTBBJTIwJTIwJTIwJTIwbWFyZ2luLXJpZ2h0JTNBJTIwMHB4JTNCJTBBJTdEJTBBJTNDJTJGc3R5bGUlM0U=[\/vc_raw_html][\/vc_column][\/vc_row][vc_row disable_element=\u00a0\u00bbyes\u00a0\u00bb gradient_colors=\u00a0\u00bb%5B%7B%7D%5D\u00a0\u00bb][vc_column][vc_raw_js]JTNDc2NyaXB0JTNFJTBBalF1ZXJ5JTI4JTIwJTIyLmhlYWRlci1uYXZpYm94LTMlMjB1bC5uYXYubmF2YmFyLW5hdiUyMiUyMCUyOS5yZXBsYWNlV2l0aCUyOCUyMCUyMiUzQ2ElMjBocmVmJTNEJTI3JTIzJTI3JTIwY2xhc3MlM0QlMjdicmVhZGNydW1ic19pdGVtJTI3JTNCJTNFJTIzJTNDJTJGYSUzRSUyMiUyMCUyOSUzQiUwQSUzQyUyRnNjcmlwdCUzRQ==[\/vc_raw_js][\/vc_column][\/vc_row]<\/p>\n","protected":false},"excerpt":{"rendered":"<p>[vc_row gradient_colors=\u00a0\u00bb%5B%7B%7D%5D\u00a0\u00bb el_class=\u00a0\u00bbmenu-brand-mobile\u00a0\u00bb][vc_column][vc_wp_custommenu nav_menu=\u00a0\u00bb179&Prime;][\/vc_column][\/vc_row][vc_row full_width=\u00a0\u00bbstretch_row_content\u00a0\u00bb gap=\u00a0\u00bb20&Prime; gradient_colors=\u00a0\u00bb%5B%7B%7D%5D\u00a0\u00bb][vc_column width=\u00a0\u00bb1\/4&Prime;][vc_single_image image=\u00a0\u00bb10894&Prime; img_size=\u00a0\u00bbfull\u00a0\u00bb alignment=\u00a0\u00bbcenter\u00a0\u00bb][\/vc_column][vc_column width=\u00a0\u00bb1\/4&Prime;][vc_single_image image=\u00a0\u00bb10895&Prime; img_size=\u00a0\u00bbfull\u00a0\u00bb alignment=\u00a0\u00bbcenter\u00a0\u00bb][\/vc_column][vc_column width=\u00a0\u00bb1\/4&Prime;][vc_single_image image=\u00a0\u00bb10896&Prime; img_size=\u00a0\u00bbfull\u00a0\u00bb alignment=\u00a0\u00bbcenter\u00a0\u00bb][\/vc_column][vc_column width=\u00a0\u00bb1\/4&Prime;][vc_single_image image=\u00a0\u00bb10897&Prime; img_size=\u00a0\u00bbfull\u00a0\u00bb alignment=\u00a0\u00bbcenter\u00a0\u00bb][\/vc_column][\/vc_row][vc_row gradient_colors=\u00a0\u00bb%5B%7B%7D%5D\u00a0\u00bb el_class=\u00a0\u00bbpaddingper\u00a0\u00bb][vc_column][vc_column_text el_class=\u00a0\u00bbgiustifica\u00a0\u00bb]La Soci\u00e9t\u00e9 HAUSAMMANN+MOOS 1811 est une societe Suisse Historique qui offre depuis deux siecles Des tissus haut de gamme pour des vestes,chemises,et robes. Le precieux savoir faire s\u2019est transmis de [&hellip;]<\/p>\n","protected":false},"author":2,"featured_media":10893,"parent":0,"menu_order":0,"comment_status":"closed","ping_status":"closed","template":"single-services copy 1.php","meta":[],"acf":[],"yoast_head":"<!-- This site is optimized with the Yoast SEO plugin v17.6 - https:\/\/yoast.com\/wordpress\/plugins\/seo\/ -->\n<title>Histoire - Hausammann+Moos 1811<\/title>\n<meta name=\"robots\" content=\"index, follow, max-snippet:-1, max-image-preview:large, max-video-preview:-1\" \/>\n<link rel=\"canonical\" href=\"https:\/\/canclini.it\/fr\/hausammann-moos-1811\/\" \/>\n<meta property=\"og:locale\" content=\"fr_FR\" \/>\n<meta property=\"og:type\" content=\"article\" \/>\n<meta property=\"og:title\" content=\"Histoire - Hausammann+Moos 1811\" \/>\n<meta property=\"og:description\" content=\"[vc_row gradient_colors=\u00a0\u00bb%5B%7B%7D%5D\u00a0\u00bb el_class=\u00a0\u00bbmenu-brand-mobile\u00a0\u00bb][vc_column][vc_wp_custommenu nav_menu=\u00a0\u00bb179&Prime;][\/vc_column][\/vc_row][vc_row full_width=\u00a0\u00bbstretch_row_content\u00a0\u00bb gap=\u00a0\u00bb20&Prime; gradient_colors=\u00a0\u00bb%5B%7B%7D%5D\u00a0\u00bb][vc_column width=\u00a0\u00bb1\/4&Prime;][vc_single_image image=\u00a0\u00bb10894&Prime; img_size=\u00a0\u00bbfull\u00a0\u00bb alignment=\u00a0\u00bbcenter\u00a0\u00bb][\/vc_column][vc_column width=\u00a0\u00bb1\/4&Prime;][vc_single_image image=\u00a0\u00bb10895&Prime; img_size=\u00a0\u00bbfull\u00a0\u00bb alignment=\u00a0\u00bbcenter\u00a0\u00bb][\/vc_column][vc_column width=\u00a0\u00bb1\/4&Prime;][vc_single_image image=\u00a0\u00bb10896&Prime; img_size=\u00a0\u00bbfull\u00a0\u00bb alignment=\u00a0\u00bbcenter\u00a0\u00bb][\/vc_column][vc_column width=\u00a0\u00bb1\/4&Prime;][vc_single_image image=\u00a0\u00bb10897&Prime; img_size=\u00a0\u00bbfull\u00a0\u00bb alignment=\u00a0\u00bbcenter\u00a0\u00bb][\/vc_column][\/vc_row][vc_row gradient_colors=\u00a0\u00bb%5B%7B%7D%5D\u00a0\u00bb el_class=\u00a0\u00bbpaddingper\u00a0\u00bb][vc_column][vc_column_text el_class=\u00a0\u00bbgiustifica\u00a0\u00bb]La Soci\u00e9t\u00e9 HAUSAMMANN+MOOS 1811 est une societe Suisse Historique qui offre depuis deux siecles Des tissus haut de gamme pour des vestes,chemises,et robes. Le precieux savoir faire s\u2019est transmis de [&hellip;]\" \/>\n<meta property=\"og:url\" content=\"https:\/\/canclini.it\/fr\/hausammann-moos-1811\/\" \/>\n<meta property=\"og:site_name\" content=\"C. Tessile 1925\" \/>\n<meta property=\"og:image\" content=\"https:\/\/canclini.it\/wp-content\/uploads\/2021\/11\/HM_collezioni-1.jpg\" \/>\n\t<meta property=\"og:image:width\" content=\"1920\" \/>\n\t<meta property=\"og:image:height\" content=\"1080\" \/>\n<meta name=\"twitter:card\" content=\"summary_large_image\" \/>\n<meta name=\"twitter:label1\" content=\"Dur\u00e9e de lecture estim\u00e9e\" \/>\n\t<meta name=\"twitter:data1\" content=\"1 minute\" \/>\n<script type=\"application\/ld+json\" class=\"yoast-schema-graph\">{\"@context\":\"https:\/\/schema.org\",\"@graph\":[{\"@type\":\"WebSite\",\"@id\":\"https:\/\/canclinitessile.it\/#website\",\"url\":\"https:\/\/canclinitessile.it\/\",\"name\":\"C. Tessile 1925\",\"description\":\"\",\"potentialAction\":[{\"@type\":\"SearchAction\",\"target\":{\"@type\":\"EntryPoint\",\"urlTemplate\":\"https:\/\/canclinitessile.it\/?s={search_term_string}\"},\"query-input\":\"required name=search_term_string\"}],\"inLanguage\":\"fr-FR\"},{\"@type\":\"ImageObject\",\"@id\":\"https:\/\/canclini.it\/fr\/hausammann-moos-1811\/#primaryimage\",\"inLanguage\":\"fr-FR\",\"url\":\"https:\/\/canclini.it\/wp-content\/uploads\/2021\/11\/HM_collezioni-1.jpg\",\"contentUrl\":\"https:\/\/canclini.it\/wp-content\/uploads\/2021\/11\/HM_collezioni-1.jpg\",\"width\":1920,\"height\":1080},{\"@type\":\"WebPage\",\"@id\":\"https:\/\/canclini.it\/fr\/hausammann-moos-1811\/#webpage\",\"url\":\"https:\/\/canclini.it\/fr\/hausammann-moos-1811\/\",\"name\":\"Histoire - Hausammann+Moos 1811\",\"isPartOf\":{\"@id\":\"https:\/\/canclinitessile.it\/#website\"},\"primaryImageOfPage\":{\"@id\":\"https:\/\/canclini.it\/fr\/hausammann-moos-1811\/#primaryimage\"},\"datePublished\":\"2022-02-06T18:42:41+00:00\",\"dateModified\":\"2022-02-06T18:42:41+00:00\",\"breadcrumb\":{\"@id\":\"https:\/\/canclini.it\/fr\/hausammann-moos-1811\/#breadcrumb\"},\"inLanguage\":\"fr-FR\",\"potentialAction\":[{\"@type\":\"ReadAction\",\"target\":[\"https:\/\/canclini.it\/fr\/hausammann-moos-1811\/\"]}]},{\"@type\":\"BreadcrumbList\",\"@id\":\"https:\/\/canclini.it\/fr\/hausammann-moos-1811\/#breadcrumb\",\"itemListElement\":[{\"@type\":\"ListItem\",\"position\":1,\"name\":\"Home\",\"item\":\"https:\/\/www.canclini.it\/\"},{\"@type\":\"ListItem\",\"position\":2,\"name\":\"Histoire\"}]}]}<\/script>\n<!-- \/ Yoast SEO plugin. -->","yoast_head_json":{"title":"Histoire - Hausammann+Moos 1811","robots":{"index":"index","follow":"follow","max-snippet":"max-snippet:-1","max-image-preview":"max-image-preview:large","max-video-preview":"max-video-preview:-1"},"canonical":"https:\/\/canclini.it\/fr\/hausammann-moos-1811\/","og_locale":"fr_FR","og_type":"article","og_title":"Histoire - Hausammann+Moos 1811","og_description":"[vc_row gradient_colors=\u00a0\u00bb%5B%7B%7D%5D\u00a0\u00bb el_class=\u00a0\u00bbmenu-brand-mobile\u00a0\u00bb][vc_column][vc_wp_custommenu nav_menu=\u00a0\u00bb179&Prime;][\/vc_column][\/vc_row][vc_row full_width=\u00a0\u00bbstretch_row_content\u00a0\u00bb gap=\u00a0\u00bb20&Prime; gradient_colors=\u00a0\u00bb%5B%7B%7D%5D\u00a0\u00bb][vc_column width=\u00a0\u00bb1\/4&Prime;][vc_single_image image=\u00a0\u00bb10894&Prime; img_size=\u00a0\u00bbfull\u00a0\u00bb alignment=\u00a0\u00bbcenter\u00a0\u00bb][\/vc_column][vc_column width=\u00a0\u00bb1\/4&Prime;][vc_single_image image=\u00a0\u00bb10895&Prime; img_size=\u00a0\u00bbfull\u00a0\u00bb alignment=\u00a0\u00bbcenter\u00a0\u00bb][\/vc_column][vc_column width=\u00a0\u00bb1\/4&Prime;][vc_single_image image=\u00a0\u00bb10896&Prime; img_size=\u00a0\u00bbfull\u00a0\u00bb alignment=\u00a0\u00bbcenter\u00a0\u00bb][\/vc_column][vc_column width=\u00a0\u00bb1\/4&Prime;][vc_single_image image=\u00a0\u00bb10897&Prime; img_size=\u00a0\u00bbfull\u00a0\u00bb alignment=\u00a0\u00bbcenter\u00a0\u00bb][\/vc_column][\/vc_row][vc_row gradient_colors=\u00a0\u00bb%5B%7B%7D%5D\u00a0\u00bb el_class=\u00a0\u00bbpaddingper\u00a0\u00bb][vc_column][vc_column_text el_class=\u00a0\u00bbgiustifica\u00a0\u00bb]La Soci\u00e9t\u00e9 HAUSAMMANN+MOOS 1811 est une societe Suisse Historique qui offre depuis deux siecles Des tissus haut de gamme pour des vestes,chemises,et robes. Le precieux savoir faire s\u2019est transmis de [&hellip;]","og_url":"https:\/\/canclini.it\/fr\/hausammann-moos-1811\/","og_site_name":"C. Tessile 1925","og_image":[{"width":1920,"height":1080,"url":"https:\/\/canclini.it\/wp-content\/uploads\/2021\/11\/HM_collezioni-1.jpg","type":"image\/jpeg"}],"twitter_card":"summary_large_image","twitter_misc":{"Dur\u00e9e de lecture estim\u00e9e":"1 minute"},"schema":{"@context":"https:\/\/schema.org","@graph":[{"@type":"WebSite","@id":"https:\/\/canclinitessile.it\/#website","url":"https:\/\/canclinitessile.it\/","name":"C. Tessile 1925","description":"","potentialAction":[{"@type":"SearchAction","target":{"@type":"EntryPoint","urlTemplate":"https:\/\/canclinitessile.it\/?s={search_term_string}"},"query-input":"required name=search_term_string"}],"inLanguage":"fr-FR"},{"@type":"ImageObject","@id":"https:\/\/canclini.it\/fr\/hausammann-moos-1811\/#primaryimage","inLanguage":"fr-FR","url":"https:\/\/canclini.it\/wp-content\/uploads\/2021\/11\/HM_collezioni-1.jpg","contentUrl":"https:\/\/canclini.it\/wp-content\/uploads\/2021\/11\/HM_collezioni-1.jpg","width":1920,"height":1080},{"@type":"WebPage","@id":"https:\/\/canclini.it\/fr\/hausammann-moos-1811\/#webpage","url":"https:\/\/canclini.it\/fr\/hausammann-moos-1811\/","name":"Histoire - Hausammann+Moos 1811","isPartOf":{"@id":"https:\/\/canclinitessile.it\/#website"},"primaryImageOfPage":{"@id":"https:\/\/canclini.it\/fr\/hausammann-moos-1811\/#primaryimage"},"datePublished":"2022-02-06T18:42:41+00:00","dateModified":"2022-02-06T18:42:41+00:00","breadcrumb":{"@id":"https:\/\/canclini.it\/fr\/hausammann-moos-1811\/#breadcrumb"},"inLanguage":"fr-FR","potentialAction":[{"@type":"ReadAction","target":["https:\/\/canclini.it\/fr\/hausammann-moos-1811\/"]}]},{"@type":"BreadcrumbList","@id":"https:\/\/canclini.it\/fr\/hausammann-moos-1811\/#breadcrumb","itemListElement":[{"@type":"ListItem","position":1,"name":"Home","item":"https:\/\/www.canclini.it\/"},{"@type":"ListItem","position":2,"name":"Histoire"}]}]}},"_links":{"self":[{"href":"https:\/\/canclini.it\/fr\/wp-json\/wp\/v2\/pages\/11342"}],"collection":[{"href":"https:\/\/canclini.it\/fr\/wp-json\/wp\/v2\/pages"}],"about":[{"href":"https:\/\/canclini.it\/fr\/wp-json\/wp\/v2\/types\/page"}],"author":[{"embeddable":true,"href":"https:\/\/canclini.it\/fr\/wp-json\/wp\/v2\/users\/2"}],"replies":[{"embeddable":true,"href":"https:\/\/canclini.it\/fr\/wp-json\/wp\/v2\/comments?post=11342"}],"version-history":[{"count":1,"href":"https:\/\/canclini.it\/fr\/wp-json\/wp\/v2\/pages\/11342\/revisions"}],"predecessor-version":[{"id":11343,"href":"https:\/\/canclini.it\/fr\/wp-json\/wp\/v2\/pages\/11342\/revisions\/11343"}],"wp:featuredmedia":[{"embeddable":true,"href":"https:\/\/canclini.it\/fr\/wp-json\/wp\/v2\/media\/10893"}],"wp:attachment":[{"href":"https:\/\/canclini.it\/fr\/wp-json\/wp\/v2\/media?parent=11342"}],"curies":[{"name":"wp","href":"https:\/\/api.w.org\/{rel}","templated":true}]}}