    
    {"id":11269,"date":"2022-02-06T13:06:52","date_gmt":"2022-02-06T12:06:52","guid":{"rendered":"https:\/\/www.canclini.it\/?page_id=11269\/"},"modified":"2022-02-17T13:36:13","modified_gmt":"2022-02-17T12:36:13","slug":"profilo2wear","status":"publish","type":"page","link":"https:\/\/canclini.it\/en\/brands\/profilo-tessile\/profilo2wear\/","title":{"rendered":"Profilo2Wear"},"content":{"rendered":"<p>[vc_row gradient_colors=&#8221;%5B%7B%7D%5D&#8221; el_class=&#8221;menu-brand-mobile&#8221;][vc_column][vc_wp_custommenu nav_menu=&#8221;181&#8243;][\/vc_column][\/vc_row][vc_row gradient_colors=&#8221;%5B%7B%7D%5D&#8221; el_class=&#8221;paddingper&#8221;][vc_column][vc_column_text el_class=&#8221;giustifica&#8221;]La nostra forza \u00e8 il servizio. Profilo Tessile e Profilo2.Wear forniscono prodotti semilavorati e capi finiti, un\u2019offerta ampia, globale e flessibile che contraddistingue il nostro carattere e connota la nostra natura. La prossimit\u00e0 di produzione \u00e8 una delle opzioni che offriamo. Seguiamo tutti i protocolli di sostenibilit\u00e0 legati al gruppo C Tessile S.p.A. e forniamo informazioni legate alla tracciabilit\u00e0 dei nostri prodotti qualora venisse richiesta. Le offerte differenti dei due brands condividono la stessa vision legata a servizio, disponibilit\u00e0 ed esclusivit\u00e0 per I nostri clienti.<\/p>\n<p><b>PROFILO2WEAR<\/b><\/p>\n<p><i>Un <\/i><i>NON-BRAND per i BRAND<\/i>. Il team Profilo Tessile, che da anni lavora nel settore, mette a disposizione know-how, idee e modernit\u00e0 per il cliente. Una vasta gamma di prodotti finiti, confezionati con tessuti ricercati e disegnati dall\u2019ufficio stile che segue le tendenze del momento. La grande conoscenza dei tessuti, ha permesso lo sviluppo di una collezione vastissima per disegni e varianti, proponendo articoli chiave ed immancabili nel guardaroba di ognuno. Camicia, t-shirt, polo, overshirt, felpe, pantaloni, ma anche abbigliamento tecnico e Made in Italy.[\/vc_column_text][\/vc_column][\/vc_row][vc_row full_width=&#8221;stretch_row_content&#8221; gradient_colors=&#8221;%5B%7B%7D%5D&#8221;][vc_column][vc_column_text]<script src=\"https:\/\/apps.elfsight.com\/p\/platform.js\" defer><\/script>\r\n<div class=\"elfsight-app-823db088-ca59-4309-98cd-0ca7328d679d\"><\/div>[\/vc_column_text][\/vc_column][\/vc_row][vc_row gradient_colors=&#8221;%5B%7B%7D%5D&#8221;][vc_column][vc_raw_js]JTNDc2NyaXB0JTNFJTBBalF1ZXJ5JTI4JTIwJTIyLmhlYWRlci1uYXZpYm94LTMlMjB1bC5uYXYubmF2YmFyLW5hdiUyMiUyMCUyOS5yZXBsYWNlV2l0aCUyOCUyMCUyMiUzQ3VsJTIwY2xhc3MlM0QlMjduYXYlMjBuYXZiYXItbmF2JTI3JTNFJTNDbGklMjBjbGFzcyUzRCUyN2hlYWRlci1zb2NpYWwtbGluayUyNyUzRSUzQ2ElMjB0YXJnZXQlM0QlMjdfYmxhbmslMjclMjBocmVmJTNEJTI3aHR0cHMlM0ElMkYlMkZ3d3cuaW5zdGFncmFtLmNvbSUyRnByb2ZpbG8yLndlYXIlMkYlMjclM0IlM0UlM0NpJTIwY2xhc3MlM0QlMjdmYSUyMGZhLWluc3RhZ3JhbSUyNyUzRSUzQyUyRmklM0UlM0MlMkZhJTNFJTNDJTJGbGklM0UlM0MlMkZ1bCUzRSUyMiUyMCUyOSUzQiUwQSUzQyUyRnNjcmlwdCUzRQ==[\/vc_raw_js][\/vc_column][\/vc_row]<\/p>\n","protected":false},"excerpt":{"rendered":"<p>[vc_row gradient_colors=&#8221;%5B%7B%7D%5D&#8221; el_class=&#8221;menu-brand-mobile&#8221;][vc_column][vc_wp_custommenu nav_menu=&#8221;181&#8243;][\/vc_column][\/vc_row][vc_row gradient_colors=&#8221;%5B%7B%7D%5D&#8221; el_class=&#8221;paddingper&#8221;][vc_column][vc_column_text el_class=&#8221;giustifica&#8221;]La nostra forza \u00e8 il servizio. Profilo Tessile e Profilo2.Wear forniscono prodotti semilavorati e capi finiti, un\u2019offerta ampia, globale e flessibile che contraddistingue il nostro carattere e connota la nostra natura. La prossimit\u00e0 di produzione \u00e8 una delle opzioni che offriamo. Seguiamo tutti i protocolli di sostenibilit\u00e0 legati al [&hellip;]<\/p>\n","protected":false},"author":2,"featured_media":11001,"parent":11263,"menu_order":0,"comment_status":"closed","ping_status":"closed","template":"single-services copy 1.php","meta":[],"acf":[],"yoast_head":"<!-- This site is optimized with the Yoast SEO plugin v17.6 - https:\/\/yoast.com\/wordpress\/plugins\/seo\/ -->\n<title>Profilo2Wear - Profilo Tessile<\/title>\n<meta name=\"robots\" content=\"index, follow, max-snippet:-1, max-image-preview:large, max-video-preview:-1\" \/>\n<link rel=\"canonical\" href=\"https:\/\/canclini.it\/en\/brands\/profilo-tessile\/profilo2wear\/\" \/>\n<meta property=\"og:locale\" content=\"en_US\" \/>\n<meta property=\"og:type\" content=\"article\" \/>\n<meta property=\"og:title\" content=\"Profilo2Wear - Profilo Tessile\" \/>\n<meta property=\"og:description\" content=\"[vc_row gradient_colors=&#8221;%5B%7B%7D%5D&#8221; el_class=&#8221;menu-brand-mobile&#8221;][vc_column][vc_wp_custommenu nav_menu=&#8221;181&#8243;][\/vc_column][\/vc_row][vc_row gradient_colors=&#8221;%5B%7B%7D%5D&#8221; el_class=&#8221;paddingper&#8221;][vc_column][vc_column_text el_class=&#8221;giustifica&#8221;]La nostra forza \u00e8 il servizio. Profilo Tessile e Profilo2.Wear forniscono prodotti semilavorati e capi finiti, un\u2019offerta ampia, globale e flessibile che contraddistingue il nostro carattere e connota la nostra natura. La prossimit\u00e0 di produzione \u00e8 una delle opzioni che offriamo. Seguiamo tutti i protocolli di sostenibilit\u00e0 legati al [&hellip;]\" \/>\n<meta property=\"og:url\" content=\"https:\/\/canclini.it\/en\/brands\/profilo-tessile\/profilo2wear\/\" \/>\n<meta property=\"og:site_name\" content=\"C. Tessile 1925\" \/>\n<meta property=\"article:modified_time\" content=\"2022-02-17T12:36:13+00:00\" \/>\n<meta property=\"og:image\" content=\"https:\/\/canclini.it\/wp-content\/uploads\/2021\/11\/profilo_profilo2wear-1.jpg\" \/>\n\t<meta property=\"og:image:width\" content=\"1920\" \/>\n\t<meta property=\"og:image:height\" content=\"1080\" \/>\n<meta name=\"twitter:card\" content=\"summary_large_image\" \/>\n<meta name=\"twitter:label1\" content=\"Est. reading time\" \/>\n\t<meta name=\"twitter:data1\" content=\"2 minutes\" \/>\n<script type=\"application\/ld+json\" class=\"yoast-schema-graph\">{\"@context\":\"https:\/\/schema.org\",\"@graph\":[{\"@type\":\"WebSite\",\"@id\":\"https:\/\/canclinitessile.it\/#website\",\"url\":\"https:\/\/canclinitessile.it\/\",\"name\":\"C. Tessile 1925\",\"description\":\"\",\"potentialAction\":[{\"@type\":\"SearchAction\",\"target\":{\"@type\":\"EntryPoint\",\"urlTemplate\":\"https:\/\/canclinitessile.it\/?s={search_term_string}\"},\"query-input\":\"required name=search_term_string\"}],\"inLanguage\":\"en-US\"},{\"@type\":\"ImageObject\",\"@id\":\"https:\/\/canclini.it\/en\/brands\/profilo-tessile\/profilo2wear\/#primaryimage\",\"inLanguage\":\"en-US\",\"url\":\"https:\/\/canclini.it\/wp-content\/uploads\/2021\/11\/profilo_profilo2wear-1.jpg\",\"contentUrl\":\"https:\/\/canclini.it\/wp-content\/uploads\/2021\/11\/profilo_profilo2wear-1.jpg\",\"width\":1920,\"height\":1080},{\"@type\":\"WebPage\",\"@id\":\"https:\/\/canclini.it\/en\/brands\/profilo-tessile\/profilo2wear\/#webpage\",\"url\":\"https:\/\/canclini.it\/en\/brands\/profilo-tessile\/profilo2wear\/\",\"name\":\"Profilo2Wear - Profilo Tessile\",\"isPartOf\":{\"@id\":\"https:\/\/canclinitessile.it\/#website\"},\"primaryImageOfPage\":{\"@id\":\"https:\/\/canclini.it\/en\/brands\/profilo-tessile\/profilo2wear\/#primaryimage\"},\"datePublished\":\"2022-02-06T12:06:52+00:00\",\"dateModified\":\"2022-02-17T12:36:13+00:00\",\"breadcrumb\":{\"@id\":\"https:\/\/canclini.it\/en\/brands\/profilo-tessile\/profilo2wear\/#breadcrumb\"},\"inLanguage\":\"en-US\",\"potentialAction\":[{\"@type\":\"ReadAction\",\"target\":[\"https:\/\/canclini.it\/en\/brands\/profilo-tessile\/profilo2wear\/\"]}]},{\"@type\":\"BreadcrumbList\",\"@id\":\"https:\/\/canclini.it\/en\/brands\/profilo-tessile\/profilo2wear\/#breadcrumb\",\"itemListElement\":[{\"@type\":\"ListItem\",\"position\":1,\"name\":\"Home\",\"item\":\"https:\/\/www.canclini.it\/en\/\"},{\"@type\":\"ListItem\",\"position\":2,\"name\":\"Brands\",\"item\":\"https:\/\/canclini.it\/en\/brands\/\"},{\"@type\":\"ListItem\",\"position\":3,\"name\":\"Chi &#038; Cosa\",\"item\":\"https:\/\/canclini.it\/en\/brands\/profilo-tessile\/\"},{\"@type\":\"ListItem\",\"position\":4,\"name\":\"Profilo2Wear\"}]}]}<\/script>\n<!-- \/ Yoast SEO plugin. -->","yoast_head_json":{"title":"Profilo2Wear - Profilo Tessile","robots":{"index":"index","follow":"follow","max-snippet":"max-snippet:-1","max-image-preview":"max-image-preview:large","max-video-preview":"max-video-preview:-1"},"canonical":"https:\/\/canclini.it\/en\/brands\/profilo-tessile\/profilo2wear\/","og_locale":"en_US","og_type":"article","og_title":"Profilo2Wear - Profilo Tessile","og_description":"[vc_row gradient_colors=&#8221;%5B%7B%7D%5D&#8221; el_class=&#8221;menu-brand-mobile&#8221;][vc_column][vc_wp_custommenu nav_menu=&#8221;181&#8243;][\/vc_column][\/vc_row][vc_row gradient_colors=&#8221;%5B%7B%7D%5D&#8221; el_class=&#8221;paddingper&#8221;][vc_column][vc_column_text el_class=&#8221;giustifica&#8221;]La nostra forza \u00e8 il servizio. Profilo Tessile e Profilo2.Wear forniscono prodotti semilavorati e capi finiti, un\u2019offerta ampia, globale e flessibile che contraddistingue il nostro carattere e connota la nostra natura. La prossimit\u00e0 di produzione \u00e8 una delle opzioni che offriamo. Seguiamo tutti i protocolli di sostenibilit\u00e0 legati al [&hellip;]","og_url":"https:\/\/canclini.it\/en\/brands\/profilo-tessile\/profilo2wear\/","og_site_name":"C. Tessile 1925","article_modified_time":"2022-02-17T12:36:13+00:00","og_image":[{"width":1920,"height":1080,"url":"https:\/\/canclini.it\/wp-content\/uploads\/2021\/11\/profilo_profilo2wear-1.jpg","type":"image\/jpeg"}],"twitter_card":"summary_large_image","twitter_misc":{"Est. reading time":"2 minutes"},"schema":{"@context":"https:\/\/schema.org","@graph":[{"@type":"WebSite","@id":"https:\/\/canclinitessile.it\/#website","url":"https:\/\/canclinitessile.it\/","name":"C. Tessile 1925","description":"","potentialAction":[{"@type":"SearchAction","target":{"@type":"EntryPoint","urlTemplate":"https:\/\/canclinitessile.it\/?s={search_term_string}"},"query-input":"required name=search_term_string"}],"inLanguage":"en-US"},{"@type":"ImageObject","@id":"https:\/\/canclini.it\/en\/brands\/profilo-tessile\/profilo2wear\/#primaryimage","inLanguage":"en-US","url":"https:\/\/canclini.it\/wp-content\/uploads\/2021\/11\/profilo_profilo2wear-1.jpg","contentUrl":"https:\/\/canclini.it\/wp-content\/uploads\/2021\/11\/profilo_profilo2wear-1.jpg","width":1920,"height":1080},{"@type":"WebPage","@id":"https:\/\/canclini.it\/en\/brands\/profilo-tessile\/profilo2wear\/#webpage","url":"https:\/\/canclini.it\/en\/brands\/profilo-tessile\/profilo2wear\/","name":"Profilo2Wear - Profilo Tessile","isPartOf":{"@id":"https:\/\/canclinitessile.it\/#website"},"primaryImageOfPage":{"@id":"https:\/\/canclini.it\/en\/brands\/profilo-tessile\/profilo2wear\/#primaryimage"},"datePublished":"2022-02-06T12:06:52+00:00","dateModified":"2022-02-17T12:36:13+00:00","breadcrumb":{"@id":"https:\/\/canclini.it\/en\/brands\/profilo-tessile\/profilo2wear\/#breadcrumb"},"inLanguage":"en-US","potentialAction":[{"@type":"ReadAction","target":["https:\/\/canclini.it\/en\/brands\/profilo-tessile\/profilo2wear\/"]}]},{"@type":"BreadcrumbList","@id":"https:\/\/canclini.it\/en\/brands\/profilo-tessile\/profilo2wear\/#breadcrumb","itemListElement":[{"@type":"ListItem","position":1,"name":"Home","item":"https:\/\/www.canclini.it\/en\/"},{"@type":"ListItem","position":2,"name":"Brands","item":"https:\/\/canclini.it\/en\/brands\/"},{"@type":"ListItem","position":3,"name":"Chi &#038; Cosa","item":"https:\/\/canclini.it\/en\/brands\/profilo-tessile\/"},{"@type":"ListItem","position":4,"name":"Profilo2Wear"}]}]}},"_links":{"self":[{"href":"https:\/\/canclini.it\/en\/wp-json\/wp\/v2\/pages\/11269"}],"collection":[{"href":"https:\/\/canclini.it\/en\/wp-json\/wp\/v2\/pages"}],"about":[{"href":"https:\/\/canclini.it\/en\/wp-json\/wp\/v2\/types\/page"}],"author":[{"embeddable":true,"href":"https:\/\/canclini.it\/en\/wp-json\/wp\/v2\/users\/2"}],"replies":[{"embeddable":true,"href":"https:\/\/canclini.it\/en\/wp-json\/wp\/v2\/comments?post=11269"}],"version-history":[{"count":2,"href":"https:\/\/canclini.it\/en\/wp-json\/wp\/v2\/pages\/11269\/revisions"}],"predecessor-version":[{"id":11491,"href":"https:\/\/canclini.it\/en\/wp-json\/wp\/v2\/pages\/11269\/revisions\/11491"}],"up":[{"embeddable":true,"href":"https:\/\/canclini.it\/en\/wp-json\/wp\/v2\/pages\/11263"}],"wp:featuredmedia":[{"embeddable":true,"href":"https:\/\/canclini.it\/en\/wp-json\/wp\/v2\/media\/11001"}],"wp:attachment":[{"href":"https:\/\/canclini.it\/en\/wp-json\/wp\/v2\/media?parent=11269"}],"curies":[{"name":"wp","href":"https:\/\/api.w.org\/{rel}","templated":true}]}}