    
    {"id":11265,"date":"2022-02-06T13:04:17","date_gmt":"2022-02-06T12:04:17","guid":{"rendered":"https:\/\/www.canclini.it\/?page_id=11265\/"},"modified":"2022-02-06T13:04:31","modified_gmt":"2022-02-06T12:04:31","slug":"come-perche","status":"publish","type":"page","link":"https:\/\/canclini.it\/en\/brands\/profilo-tessile\/come-perche\/","title":{"rendered":"Come &#038; Perch\u00e9"},"content":{"rendered":"<p>[vc_row gradient_colors=&#8221;%5B%7B%7D%5D&#8221; el_class=&#8221;menu-brand-mobile&#8221;][vc_column][vc_wp_custommenu nav_menu=&#8221;181&#8243;][\/vc_column][\/vc_row][vc_row gradient_colors=&#8221;%5B%7B%7D%5D&#8221; el_class=&#8221;paddingper&#8221;][vc_column][vc_column_text el_class=&#8221;giustifica&#8221;]Il mondo \u00e8 in costante e rapida trasformazione. Negli ultimi anni il tessile, insieme al sistema moda, \u00e8 cambiato. I mercati, le reti commerciali variano in continuazione. Il mondo del digital accelera il cambiamento e influenza trend e stili in modo repentino, come mai prima d\u2019ora. Ci\u00f2 che valeva fino a qualche stagione fa ora pu\u00f2 non valere pi\u00f9.<\/p>\n<p>Ogni cliente \u00e8 alla ricerca della miglior soluzione organizzativa per rendere efficienti i flussi legati alle attivit\u00e0 della propria supply chain. Noi, coscienti della natura di semi\u2013lavorato del nostro prodotto, sappiamo che la sua fornitura dovr\u00e0 essere accompagnata da un servizio eccellente, flessibile e globale.<\/p>\n<p>Quando siamo nati abbiamo pensato fosse il momento giusto per ideare e cercare di realizzare qualcosa di diverso, un modello di business che fosse interessante per i clienti e gli consentisse di trovare le giuste soluzioni alle necessita di fornitura a seconda della loro geografia produttiva e distributiva.<\/p>\n<p>La nostra offerta \u00e8 multi-sito; per i clienti che lo necessitino come servizio aggiuntivo, oltre all\u2019opzione italiana si d\u00e0 la possibilit\u00e0 di trasferire la produzione in Far East o in paesi dell\u2019area Euro-Mediterranea. La costituzione di societ\u00e0 a noi correlate nei paesi operanti, consente un\u2019 altissima efficienza logistica e una naturale semplificazione doganale e fiscale laddove necessario.[\/vc_column_text][\/vc_column][\/vc_row][vc_row gradient_colors=&#8221;%5B%7B%7D%5D&#8221;][vc_column][vc_raw_js]JTNDc2NyaXB0JTNFJTBBalF1ZXJ5JTI4JTIwJTIyLmhlYWRlci1uYXZpYm94LTMlMjB1bC5uYXYubmF2YmFyLW5hdiUyMiUyMCUyOS5yZXBsYWNlV2l0aCUyOCUyMCUyMiUzQ3VsJTIwY2xhc3MlM0QlMjduYXYlMjBuYXZiYXItbmF2JTI3JTNFJTNDbGklMjBjbGFzcyUzRCUyN2hlYWRlci1zb2NpYWwtbGluayUyNyUzRSUzQ2ElMjB0YXJnZXQlM0QlMjdfYmxhbmslMjclMjBocmVmJTNEJTI3aHR0cHMlM0ElMkYlMkZ3d3cuaW5zdGFncmFtLmNvbSUyRnByb2ZpbG8yLndlYXIlMkYlMjclM0IlM0UlM0NpJTIwY2xhc3MlM0QlMjdmYSUyMGZhLWluc3RhZ3JhbSUyNyUzRSUzQyUyRmklM0UlM0MlMkZhJTNFJTNDJTJGbGklM0UlM0MlMkZ1bCUzRSUyMiUyMCUyOSUzQiUwQSUzQyUyRnNjcmlwdCUzRQ==[\/vc_raw_js][\/vc_column][\/vc_row]<\/p>\n","protected":false},"excerpt":{"rendered":"<p>[vc_row gradient_colors=&#8221;%5B%7B%7D%5D&#8221; el_class=&#8221;menu-brand-mobile&#8221;][vc_column][vc_wp_custommenu nav_menu=&#8221;181&#8243;][\/vc_column][\/vc_row][vc_row gradient_colors=&#8221;%5B%7B%7D%5D&#8221; el_class=&#8221;paddingper&#8221;][vc_column][vc_column_text el_class=&#8221;giustifica&#8221;]Il mondo \u00e8 in costante e rapida trasformazione. Negli ultimi anni il tessile, insieme al sistema moda, \u00e8 cambiato. I mercati, le reti commerciali variano in continuazione. Il mondo del digital accelera il cambiamento e influenza trend e stili in modo repentino, come mai prima d\u2019ora. Ci\u00f2 che valeva [&hellip;]<\/p>\n","protected":false},"author":2,"featured_media":10992,"parent":11263,"menu_order":0,"comment_status":"closed","ping_status":"closed","template":"single-services copy 1.php","meta":[],"acf":[],"yoast_head":"<!-- This site is optimized with the Yoast SEO plugin v17.6 - https:\/\/yoast.com\/wordpress\/plugins\/seo\/ -->\n<title>Come &amp; Perch\u00e9 - Profilo Tessile<\/title>\n<meta name=\"robots\" content=\"index, follow, max-snippet:-1, max-image-preview:large, max-video-preview:-1\" \/>\n<link rel=\"canonical\" href=\"https:\/\/canclini.it\/en\/brands\/profilo-tessile\/come-perche\/\" \/>\n<meta property=\"og:locale\" content=\"en_US\" \/>\n<meta property=\"og:type\" content=\"article\" \/>\n<meta property=\"og:title\" content=\"Come &amp; Perch\u00e9 - Profilo Tessile\" \/>\n<meta property=\"og:description\" content=\"[vc_row gradient_colors=&#8221;%5B%7B%7D%5D&#8221; el_class=&#8221;menu-brand-mobile&#8221;][vc_column][vc_wp_custommenu nav_menu=&#8221;181&#8243;][\/vc_column][\/vc_row][vc_row gradient_colors=&#8221;%5B%7B%7D%5D&#8221; el_class=&#8221;paddingper&#8221;][vc_column][vc_column_text el_class=&#8221;giustifica&#8221;]Il mondo \u00e8 in costante e rapida trasformazione. Negli ultimi anni il tessile, insieme al sistema moda, \u00e8 cambiato. I mercati, le reti commerciali variano in continuazione. Il mondo del digital accelera il cambiamento e influenza trend e stili in modo repentino, come mai prima d\u2019ora. Ci\u00f2 che valeva [&hellip;]\" \/>\n<meta property=\"og:url\" content=\"https:\/\/canclini.it\/en\/brands\/profilo-tessile\/come-perche\/\" \/>\n<meta property=\"og:site_name\" content=\"C. Tessile 1925\" \/>\n<meta property=\"article:modified_time\" content=\"2022-02-06T12:04:31+00:00\" \/>\n<meta property=\"og:image\" content=\"https:\/\/canclini.it\/wp-content\/uploads\/2021\/11\/profilo_come-1.jpg\" \/>\n\t<meta property=\"og:image:width\" content=\"1920\" \/>\n\t<meta property=\"og:image:height\" content=\"1080\" \/>\n<meta name=\"twitter:card\" content=\"summary_large_image\" \/>\n<meta name=\"twitter:label1\" content=\"Est. reading time\" \/>\n\t<meta name=\"twitter:data1\" content=\"2 minutes\" \/>\n<script type=\"application\/ld+json\" class=\"yoast-schema-graph\">{\"@context\":\"https:\/\/schema.org\",\"@graph\":[{\"@type\":\"WebSite\",\"@id\":\"https:\/\/canclinitessile.it\/#website\",\"url\":\"https:\/\/canclinitessile.it\/\",\"name\":\"C. Tessile 1925\",\"description\":\"\",\"potentialAction\":[{\"@type\":\"SearchAction\",\"target\":{\"@type\":\"EntryPoint\",\"urlTemplate\":\"https:\/\/canclinitessile.it\/?s={search_term_string}\"},\"query-input\":\"required name=search_term_string\"}],\"inLanguage\":\"en-US\"},{\"@type\":\"ImageObject\",\"@id\":\"https:\/\/canclini.it\/en\/brands\/profilo-tessile\/come-perche\/#primaryimage\",\"inLanguage\":\"en-US\",\"url\":\"https:\/\/canclini.it\/wp-content\/uploads\/2021\/11\/profilo_come-1.jpg\",\"contentUrl\":\"https:\/\/canclini.it\/wp-content\/uploads\/2021\/11\/profilo_come-1.jpg\",\"width\":1920,\"height\":1080},{\"@type\":\"WebPage\",\"@id\":\"https:\/\/canclini.it\/en\/brands\/profilo-tessile\/come-perche\/#webpage\",\"url\":\"https:\/\/canclini.it\/en\/brands\/profilo-tessile\/come-perche\/\",\"name\":\"Come & Perch\\u00e9 - Profilo Tessile\",\"isPartOf\":{\"@id\":\"https:\/\/canclinitessile.it\/#website\"},\"primaryImageOfPage\":{\"@id\":\"https:\/\/canclini.it\/en\/brands\/profilo-tessile\/come-perche\/#primaryimage\"},\"datePublished\":\"2022-02-06T12:04:17+00:00\",\"dateModified\":\"2022-02-06T12:04:31+00:00\",\"breadcrumb\":{\"@id\":\"https:\/\/canclini.it\/en\/brands\/profilo-tessile\/come-perche\/#breadcrumb\"},\"inLanguage\":\"en-US\",\"potentialAction\":[{\"@type\":\"ReadAction\",\"target\":[\"https:\/\/canclini.it\/en\/brands\/profilo-tessile\/come-perche\/\"]}]},{\"@type\":\"BreadcrumbList\",\"@id\":\"https:\/\/canclini.it\/en\/brands\/profilo-tessile\/come-perche\/#breadcrumb\",\"itemListElement\":[{\"@type\":\"ListItem\",\"position\":1,\"name\":\"Home\",\"item\":\"https:\/\/www.canclini.it\/en\/\"},{\"@type\":\"ListItem\",\"position\":2,\"name\":\"Brands\",\"item\":\"https:\/\/canclini.it\/en\/brands\/\"},{\"@type\":\"ListItem\",\"position\":3,\"name\":\"Chi &#038; Cosa\",\"item\":\"https:\/\/canclini.it\/en\/brands\/profilo-tessile\/\"},{\"@type\":\"ListItem\",\"position\":4,\"name\":\"Come &#038; Perch\\u00e9\"}]}]}<\/script>\n<!-- \/ Yoast SEO plugin. -->","yoast_head_json":{"title":"Come & Perch\u00e9 - Profilo Tessile","robots":{"index":"index","follow":"follow","max-snippet":"max-snippet:-1","max-image-preview":"max-image-preview:large","max-video-preview":"max-video-preview:-1"},"canonical":"https:\/\/canclini.it\/en\/brands\/profilo-tessile\/come-perche\/","og_locale":"en_US","og_type":"article","og_title":"Come & Perch\u00e9 - Profilo Tessile","og_description":"[vc_row gradient_colors=&#8221;%5B%7B%7D%5D&#8221; el_class=&#8221;menu-brand-mobile&#8221;][vc_column][vc_wp_custommenu nav_menu=&#8221;181&#8243;][\/vc_column][\/vc_row][vc_row gradient_colors=&#8221;%5B%7B%7D%5D&#8221; el_class=&#8221;paddingper&#8221;][vc_column][vc_column_text el_class=&#8221;giustifica&#8221;]Il mondo \u00e8 in costante e rapida trasformazione. Negli ultimi anni il tessile, insieme al sistema moda, \u00e8 cambiato. I mercati, le reti commerciali variano in continuazione. Il mondo del digital accelera il cambiamento e influenza trend e stili in modo repentino, come mai prima d\u2019ora. Ci\u00f2 che valeva [&hellip;]","og_url":"https:\/\/canclini.it\/en\/brands\/profilo-tessile\/come-perche\/","og_site_name":"C. Tessile 1925","article_modified_time":"2022-02-06T12:04:31+00:00","og_image":[{"width":1920,"height":1080,"url":"https:\/\/canclini.it\/wp-content\/uploads\/2021\/11\/profilo_come-1.jpg","type":"image\/jpeg"}],"twitter_card":"summary_large_image","twitter_misc":{"Est. reading time":"2 minutes"},"schema":{"@context":"https:\/\/schema.org","@graph":[{"@type":"WebSite","@id":"https:\/\/canclinitessile.it\/#website","url":"https:\/\/canclinitessile.it\/","name":"C. Tessile 1925","description":"","potentialAction":[{"@type":"SearchAction","target":{"@type":"EntryPoint","urlTemplate":"https:\/\/canclinitessile.it\/?s={search_term_string}"},"query-input":"required name=search_term_string"}],"inLanguage":"en-US"},{"@type":"ImageObject","@id":"https:\/\/canclini.it\/en\/brands\/profilo-tessile\/come-perche\/#primaryimage","inLanguage":"en-US","url":"https:\/\/canclini.it\/wp-content\/uploads\/2021\/11\/profilo_come-1.jpg","contentUrl":"https:\/\/canclini.it\/wp-content\/uploads\/2021\/11\/profilo_come-1.jpg","width":1920,"height":1080},{"@type":"WebPage","@id":"https:\/\/canclini.it\/en\/brands\/profilo-tessile\/come-perche\/#webpage","url":"https:\/\/canclini.it\/en\/brands\/profilo-tessile\/come-perche\/","name":"Come & Perch\u00e9 - Profilo Tessile","isPartOf":{"@id":"https:\/\/canclinitessile.it\/#website"},"primaryImageOfPage":{"@id":"https:\/\/canclini.it\/en\/brands\/profilo-tessile\/come-perche\/#primaryimage"},"datePublished":"2022-02-06T12:04:17+00:00","dateModified":"2022-02-06T12:04:31+00:00","breadcrumb":{"@id":"https:\/\/canclini.it\/en\/brands\/profilo-tessile\/come-perche\/#breadcrumb"},"inLanguage":"en-US","potentialAction":[{"@type":"ReadAction","target":["https:\/\/canclini.it\/en\/brands\/profilo-tessile\/come-perche\/"]}]},{"@type":"BreadcrumbList","@id":"https:\/\/canclini.it\/en\/brands\/profilo-tessile\/come-perche\/#breadcrumb","itemListElement":[{"@type":"ListItem","position":1,"name":"Home","item":"https:\/\/www.canclini.it\/en\/"},{"@type":"ListItem","position":2,"name":"Brands","item":"https:\/\/canclini.it\/en\/brands\/"},{"@type":"ListItem","position":3,"name":"Chi &#038; Cosa","item":"https:\/\/canclini.it\/en\/brands\/profilo-tessile\/"},{"@type":"ListItem","position":4,"name":"Come &#038; Perch\u00e9"}]}]}},"_links":{"self":[{"href":"https:\/\/canclini.it\/en\/wp-json\/wp\/v2\/pages\/11265"}],"collection":[{"href":"https:\/\/canclini.it\/en\/wp-json\/wp\/v2\/pages"}],"about":[{"href":"https:\/\/canclini.it\/en\/wp-json\/wp\/v2\/types\/page"}],"author":[{"embeddable":true,"href":"https:\/\/canclini.it\/en\/wp-json\/wp\/v2\/users\/2"}],"replies":[{"embeddable":true,"href":"https:\/\/canclini.it\/en\/wp-json\/wp\/v2\/comments?post=11265"}],"version-history":[{"count":1,"href":"https:\/\/canclini.it\/en\/wp-json\/wp\/v2\/pages\/11265\/revisions"}],"predecessor-version":[{"id":11266,"href":"https:\/\/canclini.it\/en\/wp-json\/wp\/v2\/pages\/11265\/revisions\/11266"}],"up":[{"embeddable":true,"href":"https:\/\/canclini.it\/en\/wp-json\/wp\/v2\/pages\/11263"}],"wp:featuredmedia":[{"embeddable":true,"href":"https:\/\/canclini.it\/en\/wp-json\/wp\/v2\/media\/10992"}],"wp:attachment":[{"href":"https:\/\/canclini.it\/en\/wp-json\/wp\/v2\/media?parent=11265"}],"curies":[{"name":"wp","href":"https:\/\/api.w.org\/{rel}","templated":true}]}}