    
    {"id":11358,"date":"2022-02-06T20:06:02","date_gmt":"2022-02-06T19:06:02","guid":{"rendered":"https:\/\/www.canclini.it\/?page_id=11358\/"},"modified":"2022-02-06T20:06:02","modified_gmt":"2022-02-06T19:06:02","slug":"finish","status":"publish","type":"page","link":"https:\/\/canclini.it\/de\/geschichte\/finish\/","title":{"rendered":"Finish"},"content":{"rendered":"<p>[vc_row gradient_colors=&#8220;%5B%7B%7D%5D&#8220; el_class=&#8220;menu-brand-mobile&#8220;][vc_column][vc_wp_custommenu nav_menu=&#8220;179&#8243;][\/vc_column][\/vc_row][vc_row full_width=&#8220;stretch_row_content&#8220; gap=&#8220;20&#8243; gradient_colors=&#8220;%5B%7B%7D%5D&#8220;][vc_column width=&#8220;1\/4&#8243;][vc_single_image image=&#8220;10925&#8243; img_size=&#8220;full&#8220; alignment=&#8220;center&#8220;][\/vc_column][vc_column width=&#8220;1\/4&#8243;][vc_single_image image=&#8220;10928&#8243; img_size=&#8220;full&#8220; alignment=&#8220;center&#8220;][\/vc_column][vc_column width=&#8220;1\/4&#8243;][vc_single_image image=&#8220;10926&#8243; img_size=&#8220;full&#8220; alignment=&#8220;center&#8220;][\/vc_column][vc_column width=&#8220;1\/4&#8243;][vc_single_image image=&#8220;10929&#8243; img_size=&#8220;full&#8220; alignment=&#8220;center&#8220;][\/vc_column][\/vc_row][vc_row gradient_colors=&#8220;%5B%7B%7D%5D&#8220; el_class=&#8220;paddingper&#8220;][vc_column][vc_column_text el_class=&#8220;giustifica&#8220;]Hausammann + Moos 1811 bietet mehr als 60 Ausr\u00fcstvarianten. Zu den gefragtesten geh\u00f6ren die Vitro-, Paper- und die Chintz-Veredelung.<\/p>\n<p>Unser Double Twisted Piece Dyed ist sicherlich auf der ganzen Welt bekannt: ein Stoff f\u00fcr dynamische und moderne Kleidungsst\u00fccke. In einer breiten Farbpalette pr\u00e4sentiert, ist es das beste Produkt f\u00fcr Personen die sich gleichzeitig elegant und komfortabel f\u00fchlen m\u00f6chten; Mit einer weichen und raffinierten Haptik passt es zu jedem Anlass, von der Arbeit bis zur Freizeit.<\/p>\n<p><strong>SUPERWOOL<\/strong><\/p>\n<p>Ein Stoff aus 100 % Wolle, mit Doppelzwirn von 2 \/ 120wo. Wolle ist die \u00e4lteste Textilfaser der Welt, dank ihrer Struktur ist sie weich, elastisch, hygroskopisch, w\u00e4rmeregulierend, atmungsaktiv und l\u00e4sst sich leicht waschen. F\u00fcr diesen Artikel wurde eine besondere Verarbeitung entwickelt, die es erm\u00f6glicht das konfektionierte Teil in der Waschmaschine zu waschen, ohne einzulaufen oder zu verfilzen. Mit all diese Eigenschaften kann ein Superwool-Shirt als nat\u00fcrlich und traditionell angesehen werden, aber gleichzeitig als hochinnovativ, leistungsstark und technologisch.<\/p>\n<p><strong>DONNA<\/strong><\/p>\n<p>Donna : 120\/2 Popeline, 100 % Baumwolle in Leinwandbindung.<\/p>\n<p>Ein leichtes Blusengewicht gef\u00e4rbt, aber gleichzeitig kompakt, um die Farben optimal zur Geltung zu bringen.<\/p>\n<p>Wei\u00df, Eis, Offwhite, Pink und Hellblau, aber auch Grau, Braun, Navy und Schwarz f\u00fcr eine komplette und zeitlose Farbpalette.<\/p>\n<p>Die mit diesem Artikel gefertigten Hemden sind daher auch interessant in Kombination mit Anzug &amp; Krawatte oder legerer mit einer Jeans.[\/vc_column_text][vc_raw_html]JTNDc3R5bGUlM0UlMEEubmF2YmFyJTIwLmhlYWRlci1uYXZpYm94LTMlMjAubmF2Lm5hdmJhci1uYXYlMjAlN0IlMEFkaXNwbGF5JTNBJTIwbm9uZSUzQiUwQSU3RCUwQS55YW1tJTIwJTdCJTBBJTIwJTIwJTIwJTIwbWFyZ2luLXJpZ2h0JTNBJTIwMHB4JTNCJTBBJTdEJTBBJTNDJTJGc3R5bGUlM0U=[\/vc_raw_html][\/vc_column][\/vc_row][vc_row disable_element=&#8220;yes&#8220; gradient_colors=&#8220;%5B%7B%7D%5D&#8220;][vc_column][vc_raw_js]JTNDc2NyaXB0JTNFJTBBalF1ZXJ5JTI4JTIwJTIyLmhlYWRlci1uYXZpYm94LTMlMjB1bC5uYXYubmF2YmFyLW5hdiUyMiUyMCUyOS5yZXBsYWNlV2l0aCUyOCUyMCUyMiUzQ2ElMjBocmVmJTNEJTI3JTIzJTI3JTIwY2xhc3MlM0QlMjdicmVhZGNydW1ic19pdGVtJTI3JTNCJTNFJTIzJTNDJTJGYSUzRSUyMiUyMCUyOSUzQiUwQSUzQyUyRnNjcmlwdCUzRQ==[\/vc_raw_js][\/vc_column][\/vc_row]<\/p>\n","protected":false},"excerpt":{"rendered":"<p>[vc_row gradient_colors=&#8220;%5B%7B%7D%5D&#8220; el_class=&#8220;menu-brand-mobile&#8220;][vc_column][vc_wp_custommenu nav_menu=&#8220;179&#8243;][\/vc_column][\/vc_row][vc_row full_width=&#8220;stretch_row_content&#8220; gap=&#8220;20&#8243; gradient_colors=&#8220;%5B%7B%7D%5D&#8220;][vc_column width=&#8220;1\/4&#8243;][vc_single_image image=&#8220;10925&#8243; img_size=&#8220;full&#8220; alignment=&#8220;center&#8220;][\/vc_column][vc_column width=&#8220;1\/4&#8243;][vc_single_image image=&#8220;10928&#8243; img_size=&#8220;full&#8220; alignment=&#8220;center&#8220;][\/vc_column][vc_column width=&#8220;1\/4&#8243;][vc_single_image image=&#8220;10926&#8243; img_size=&#8220;full&#8220; alignment=&#8220;center&#8220;][\/vc_column][vc_column width=&#8220;1\/4&#8243;][vc_single_image image=&#8220;10929&#8243; img_size=&#8220;full&#8220; alignment=&#8220;center&#8220;][\/vc_column][\/vc_row][vc_row gradient_colors=&#8220;%5B%7B%7D%5D&#8220; el_class=&#8220;paddingper&#8220;][vc_column][vc_column_text el_class=&#8220;giustifica&#8220;]Hausammann + Moos 1811 bietet mehr als 60 Ausr\u00fcstvarianten. Zu den gefragtesten geh\u00f6ren die Vitro-, Paper- und die Chintz-Veredelung. Unser Double Twisted Piece Dyed ist sicherlich auf der ganzen Welt [&hellip;]<\/p>\n","protected":false},"author":2,"featured_media":10924,"parent":11351,"menu_order":0,"comment_status":"closed","ping_status":"closed","template":"single-services copy 1.php","meta":[],"acf":[],"yoast_head":"<!-- This site is optimized with the Yoast SEO plugin v17.6 - https:\/\/yoast.com\/wordpress\/plugins\/seo\/ -->\n<title>Finish - Hausammann+Moos 1881<\/title>\n<meta name=\"robots\" content=\"index, follow, max-snippet:-1, max-image-preview:large, max-video-preview:-1\" \/>\n<link rel=\"canonical\" href=\"https:\/\/canclini.in\/de\/geschichte\/finish\/\" \/>\n<meta property=\"og:locale\" content=\"de_DE\" \/>\n<meta property=\"og:type\" content=\"article\" \/>\n<meta property=\"og:title\" content=\"Finish - Hausammann+Moos 1881\" \/>\n<meta property=\"og:description\" content=\"[vc_row gradient_colors=&#8220;%5B%7B%7D%5D&#8220; el_class=&#8220;menu-brand-mobile&#8220;][vc_column][vc_wp_custommenu nav_menu=&#8220;179&#8243;][\/vc_column][\/vc_row][vc_row full_width=&#8220;stretch_row_content&#8220; gap=&#8220;20&#8243; gradient_colors=&#8220;%5B%7B%7D%5D&#8220;][vc_column width=&#8220;1\/4&#8243;][vc_single_image image=&#8220;10925&#8243; img_size=&#8220;full&#8220; alignment=&#8220;center&#8220;][\/vc_column][vc_column width=&#8220;1\/4&#8243;][vc_single_image image=&#8220;10928&#8243; img_size=&#8220;full&#8220; alignment=&#8220;center&#8220;][\/vc_column][vc_column width=&#8220;1\/4&#8243;][vc_single_image image=&#8220;10926&#8243; img_size=&#8220;full&#8220; alignment=&#8220;center&#8220;][\/vc_column][vc_column width=&#8220;1\/4&#8243;][vc_single_image image=&#8220;10929&#8243; img_size=&#8220;full&#8220; alignment=&#8220;center&#8220;][\/vc_column][\/vc_row][vc_row gradient_colors=&#8220;%5B%7B%7D%5D&#8220; el_class=&#8220;paddingper&#8220;][vc_column][vc_column_text el_class=&#8220;giustifica&#8220;]Hausammann + Moos 1811 bietet mehr als 60 Ausr\u00fcstvarianten. Zu den gefragtesten geh\u00f6ren die Vitro-, Paper- und die Chintz-Veredelung. Unser Double Twisted Piece Dyed ist sicherlich auf der ganzen Welt [&hellip;]\" \/>\n<meta property=\"og:url\" content=\"https:\/\/canclini.in\/de\/geschichte\/finish\/\" \/>\n<meta property=\"og:site_name\" content=\"C. Tessile 1925\" \/>\n<meta property=\"og:image\" content=\"https:\/\/canclini.in\/wp-content\/uploads\/2021\/11\/HM_icons-lavorazioni-1.jpg\" \/>\n\t<meta property=\"og:image:width\" content=\"1920\" \/>\n\t<meta property=\"og:image:height\" content=\"1080\" \/>\n<meta name=\"twitter:card\" content=\"summary_large_image\" \/>\n<meta name=\"twitter:label1\" content=\"Gesch\u00e4tzte Lesezeit\" \/>\n\t<meta name=\"twitter:data1\" content=\"2 Minuten\" \/>\n<script type=\"application\/ld+json\" class=\"yoast-schema-graph\">{\"@context\":\"https:\/\/schema.org\",\"@graph\":[{\"@type\":\"WebSite\",\"@id\":\"https:\/\/profilotessile.it\/#website\",\"url\":\"https:\/\/profilotessile.it\/\",\"name\":\"C. Tessile 1925\",\"description\":\"\",\"potentialAction\":[{\"@type\":\"SearchAction\",\"target\":{\"@type\":\"EntryPoint\",\"urlTemplate\":\"https:\/\/profilotessile.it\/?s={search_term_string}\"},\"query-input\":\"required name=search_term_string\"}],\"inLanguage\":\"de-DE\"},{\"@type\":\"ImageObject\",\"@id\":\"https:\/\/canclini.in\/de\/geschichte\/finish\/#primaryimage\",\"inLanguage\":\"de-DE\",\"url\":\"https:\/\/canclini.it\/wp-content\/uploads\/2021\/11\/HM_icons-lavorazioni-1.jpg\",\"contentUrl\":\"https:\/\/canclini.it\/wp-content\/uploads\/2021\/11\/HM_icons-lavorazioni-1.jpg\",\"width\":1920,\"height\":1080},{\"@type\":\"WebPage\",\"@id\":\"https:\/\/canclini.in\/de\/geschichte\/finish\/#webpage\",\"url\":\"https:\/\/canclini.in\/de\/geschichte\/finish\/\",\"name\":\"Finish - Hausammann+Moos 1881\",\"isPartOf\":{\"@id\":\"https:\/\/profilotessile.it\/#website\"},\"primaryImageOfPage\":{\"@id\":\"https:\/\/canclini.in\/de\/geschichte\/finish\/#primaryimage\"},\"datePublished\":\"2022-02-06T19:06:02+00:00\",\"dateModified\":\"2022-02-06T19:06:02+00:00\",\"breadcrumb\":{\"@id\":\"https:\/\/canclini.in\/de\/geschichte\/finish\/#breadcrumb\"},\"inLanguage\":\"de-DE\",\"potentialAction\":[{\"@type\":\"ReadAction\",\"target\":[\"https:\/\/canclini.in\/de\/geschichte\/finish\/\"]}]},{\"@type\":\"BreadcrumbList\",\"@id\":\"https:\/\/canclini.in\/de\/geschichte\/finish\/#breadcrumb\",\"itemListElement\":[{\"@type\":\"ListItem\",\"position\":1,\"name\":\"Home\",\"item\":\"https:\/\/canclini.hk\/\"},{\"@type\":\"ListItem\",\"position\":2,\"name\":\"Geschichte\",\"item\":\"https:\/\/canclini.in\/de\/geschichte\/\"},{\"@type\":\"ListItem\",\"position\":3,\"name\":\"Finish\"}]}]}<\/script>\n<!-- \/ Yoast SEO plugin. -->","yoast_head_json":{"title":"Finish - Hausammann+Moos 1881","robots":{"index":"index","follow":"follow","max-snippet":"max-snippet:-1","max-image-preview":"max-image-preview:large","max-video-preview":"max-video-preview:-1"},"canonical":"https:\/\/canclini.in\/de\/geschichte\/finish\/","og_locale":"de_DE","og_type":"article","og_title":"Finish - Hausammann+Moos 1881","og_description":"[vc_row gradient_colors=&#8220;%5B%7B%7D%5D&#8220; el_class=&#8220;menu-brand-mobile&#8220;][vc_column][vc_wp_custommenu nav_menu=&#8220;179&#8243;][\/vc_column][\/vc_row][vc_row full_width=&#8220;stretch_row_content&#8220; gap=&#8220;20&#8243; gradient_colors=&#8220;%5B%7B%7D%5D&#8220;][vc_column width=&#8220;1\/4&#8243;][vc_single_image image=&#8220;10925&#8243; img_size=&#8220;full&#8220; alignment=&#8220;center&#8220;][\/vc_column][vc_column width=&#8220;1\/4&#8243;][vc_single_image image=&#8220;10928&#8243; img_size=&#8220;full&#8220; alignment=&#8220;center&#8220;][\/vc_column][vc_column width=&#8220;1\/4&#8243;][vc_single_image image=&#8220;10926&#8243; img_size=&#8220;full&#8220; alignment=&#8220;center&#8220;][\/vc_column][vc_column width=&#8220;1\/4&#8243;][vc_single_image image=&#8220;10929&#8243; img_size=&#8220;full&#8220; alignment=&#8220;center&#8220;][\/vc_column][\/vc_row][vc_row gradient_colors=&#8220;%5B%7B%7D%5D&#8220; el_class=&#8220;paddingper&#8220;][vc_column][vc_column_text el_class=&#8220;giustifica&#8220;]Hausammann + Moos 1811 bietet mehr als 60 Ausr\u00fcstvarianten. Zu den gefragtesten geh\u00f6ren die Vitro-, Paper- und die Chintz-Veredelung. Unser Double Twisted Piece Dyed ist sicherlich auf der ganzen Welt [&hellip;]","og_url":"https:\/\/canclini.in\/de\/geschichte\/finish\/","og_site_name":"C. Tessile 1925","og_image":[{"width":1920,"height":1080,"url":"https:\/\/canclini.in\/wp-content\/uploads\/2021\/11\/HM_icons-lavorazioni-1.jpg","type":"image\/jpeg"}],"twitter_card":"summary_large_image","twitter_misc":{"Gesch\u00e4tzte Lesezeit":"2 Minuten"},"schema":{"@context":"https:\/\/schema.org","@graph":[{"@type":"WebSite","@id":"https:\/\/profilotessile.it\/#website","url":"https:\/\/profilotessile.it\/","name":"C. Tessile 1925","description":"","potentialAction":[{"@type":"SearchAction","target":{"@type":"EntryPoint","urlTemplate":"https:\/\/profilotessile.it\/?s={search_term_string}"},"query-input":"required name=search_term_string"}],"inLanguage":"de-DE"},{"@type":"ImageObject","@id":"https:\/\/canclini.in\/de\/geschichte\/finish\/#primaryimage","inLanguage":"de-DE","url":"https:\/\/canclini.it\/wp-content\/uploads\/2021\/11\/HM_icons-lavorazioni-1.jpg","contentUrl":"https:\/\/canclini.it\/wp-content\/uploads\/2021\/11\/HM_icons-lavorazioni-1.jpg","width":1920,"height":1080},{"@type":"WebPage","@id":"https:\/\/canclini.in\/de\/geschichte\/finish\/#webpage","url":"https:\/\/canclini.in\/de\/geschichte\/finish\/","name":"Finish - Hausammann+Moos 1881","isPartOf":{"@id":"https:\/\/profilotessile.it\/#website"},"primaryImageOfPage":{"@id":"https:\/\/canclini.in\/de\/geschichte\/finish\/#primaryimage"},"datePublished":"2022-02-06T19:06:02+00:00","dateModified":"2022-02-06T19:06:02+00:00","breadcrumb":{"@id":"https:\/\/canclini.in\/de\/geschichte\/finish\/#breadcrumb"},"inLanguage":"de-DE","potentialAction":[{"@type":"ReadAction","target":["https:\/\/canclini.in\/de\/geschichte\/finish\/"]}]},{"@type":"BreadcrumbList","@id":"https:\/\/canclini.in\/de\/geschichte\/finish\/#breadcrumb","itemListElement":[{"@type":"ListItem","position":1,"name":"Home","item":"https:\/\/canclini.hk\/"},{"@type":"ListItem","position":2,"name":"Geschichte","item":"https:\/\/canclini.in\/de\/geschichte\/"},{"@type":"ListItem","position":3,"name":"Finish"}]}]}},"_links":{"self":[{"href":"https:\/\/canclini.it\/de\/wp-json\/wp\/v2\/pages\/11358"}],"collection":[{"href":"https:\/\/canclini.it\/de\/wp-json\/wp\/v2\/pages"}],"about":[{"href":"https:\/\/canclini.it\/de\/wp-json\/wp\/v2\/types\/page"}],"author":[{"embeddable":true,"href":"https:\/\/canclini.it\/de\/wp-json\/wp\/v2\/users\/2"}],"replies":[{"embeddable":true,"href":"https:\/\/canclini.it\/de\/wp-json\/wp\/v2\/comments?post=11358"}],"version-history":[{"count":1,"href":"https:\/\/canclini.it\/de\/wp-json\/wp\/v2\/pages\/11358\/revisions"}],"predecessor-version":[{"id":11359,"href":"https:\/\/canclini.it\/de\/wp-json\/wp\/v2\/pages\/11358\/revisions\/11359"}],"up":[{"embeddable":true,"href":"https:\/\/canclini.it\/de\/wp-json\/wp\/v2\/pages\/11351"}],"wp:featuredmedia":[{"embeddable":true,"href":"https:\/\/canclini.it\/de\/wp-json\/wp\/v2\/media\/10924"}],"wp:attachment":[{"href":"https:\/\/canclini.it\/de\/wp-json\/wp\/v2\/media?parent=11358"}],"curies":[{"name":"wp","href":"https:\/\/api.w.org\/{rel}","templated":true}]}}