    
    {"id":11351,"date":"2022-02-06T19:57:55","date_gmt":"2022-02-06T18:57:55","guid":{"rendered":"https:\/\/www.canclini.it\/?page_id=11351\/"},"modified":"2022-02-06T19:57:55","modified_gmt":"2022-02-06T18:57:55","slug":"geschichte","status":"publish","type":"page","link":"https:\/\/canclini.it\/de\/geschichte\/","title":{"rendered":"Geschichte"},"content":{"rendered":"<p>[vc_row gradient_colors=&#8220;%5B%7B%7D%5D&#8220; el_class=&#8220;menu-brand-mobile&#8220;][vc_column][vc_wp_custommenu nav_menu=&#8220;179&#8243;][\/vc_column][\/vc_row][vc_row full_width=&#8220;stretch_row_content&#8220; gap=&#8220;20&#8243; gradient_colors=&#8220;%5B%7B%7D%5D&#8220;][vc_column width=&#8220;1\/4&#8243;][vc_single_image image=&#8220;10894&#8243; img_size=&#8220;full&#8220; alignment=&#8220;center&#8220;][\/vc_column][vc_column width=&#8220;1\/4&#8243;][vc_single_image image=&#8220;10895&#8243; img_size=&#8220;full&#8220; alignment=&#8220;center&#8220;][\/vc_column][vc_column width=&#8220;1\/4&#8243;][vc_single_image image=&#8220;10896&#8243; img_size=&#8220;full&#8220; alignment=&#8220;center&#8220;][\/vc_column][vc_column width=&#8220;1\/4&#8243;][vc_single_image image=&#8220;10897&#8243; img_size=&#8220;full&#8220; alignment=&#8220;center&#8220;][\/vc_column][\/vc_row][vc_row gradient_colors=&#8220;%5B%7B%7D%5D&#8220; el_class=&#8220;paddingper&#8220;][vc_column][vc_column_text el_class=&#8220;giustifica&#8220;]Hausammann + Moos 1811 ist ein historisches Schweizer Unternehmen, das seit \u00fcber zwei Jahrhunderten hochwertige Stoffe f\u00fcr Anz\u00fcge, Hosen, Hemden und Kleider anbietet.<\/p>\n<p>Das wertvolle Know-how das von Generation zu Generation weitergegeben wird, verbunden mit steigenden Investitionen in Technologie und Maschinen, die F\u00e4higkeit Gewohnheiten und Marktver\u00e4nderungen zu folgen, haben die Firma zu einem weltweit f\u00fchrenden Unternehmen in der Kreation und Herstellung von Luxusstoffen gemacht.<\/p>\n<p>Die Kollektion umfasst eine ausgesuchte Auswahl von Garnen, Webarten und Ausr\u00fcstungsverfahren, um den gr\u00f6\u00dftm\u00f6glichen Teil des Marktes sowohl f\u00fcr Damen wie auch Herren abzudecken. Hierbei werden immer die Schl\u00fcsselwerte beibehalten an die das Unternehmen glaubt: Qualit\u00e4t, Zuverl\u00e4ssigkeit und H\u00f6flichkeit.<\/p>\n<p>Seit 2015 ist Hausammann + Moos 1811 ein Teil der C. Tessile S.p.A. Gruppe. Durch diese Kombination ergibt sich eine Erweiterung des Produktangebots. Das Wissen um die weibliche Welt von Hausammann + Moos 1811 Textile und die F\u00e4higkeit von Canclini 1925 hochwertige Stoffe herzustellen, haben in der Tat eine perfekte Synergie geschaffen um den Zielgruppen eine reichere und vollst\u00e4ndigere Kollektion anzubieten.[\/vc_column_text][vc_raw_html]JTNDc3R5bGUlM0UlMEEubmF2YmFyJTIwLmhlYWRlci1uYXZpYm94LTMlMjAubmF2Lm5hdmJhci1uYXYlMjAlN0IlMEFkaXNwbGF5JTNBJTIwbm9uZSUzQiUwQSU3RCUwQS55YW1tJTIwJTdCJTBBJTIwJTIwJTIwJTIwbWFyZ2luLXJpZ2h0JTNBJTIwMHB4JTNCJTBBJTdEJTBBJTNDJTJGc3R5bGUlM0U=[\/vc_raw_html][\/vc_column][\/vc_row][vc_row disable_element=&#8220;yes&#8220; gradient_colors=&#8220;%5B%7B%7D%5D&#8220;][vc_column][vc_raw_js]JTNDc2NyaXB0JTNFJTBBalF1ZXJ5JTI4JTIwJTIyLmhlYWRlci1uYXZpYm94LTMlMjB1bC5uYXYubmF2YmFyLW5hdiUyMiUyMCUyOS5yZXBsYWNlV2l0aCUyOCUyMCUyMiUzQ2ElMjBocmVmJTNEJTI3JTIzJTI3JTIwY2xhc3MlM0QlMjdicmVhZGNydW1ic19pdGVtJTI3JTNCJTNFJTIzJTNDJTJGYSUzRSUyMiUyMCUyOSUzQiUwQSUzQyUyRnNjcmlwdCUzRQ==[\/vc_raw_js][\/vc_column][\/vc_row]<\/p>\n","protected":false},"excerpt":{"rendered":"<p>[vc_row gradient_colors=&#8220;%5B%7B%7D%5D&#8220; el_class=&#8220;menu-brand-mobile&#8220;][vc_column][vc_wp_custommenu nav_menu=&#8220;179&#8243;][\/vc_column][\/vc_row][vc_row full_width=&#8220;stretch_row_content&#8220; gap=&#8220;20&#8243; gradient_colors=&#8220;%5B%7B%7D%5D&#8220;][vc_column width=&#8220;1\/4&#8243;][vc_single_image image=&#8220;10894&#8243; img_size=&#8220;full&#8220; alignment=&#8220;center&#8220;][\/vc_column][vc_column width=&#8220;1\/4&#8243;][vc_single_image image=&#8220;10895&#8243; img_size=&#8220;full&#8220; alignment=&#8220;center&#8220;][\/vc_column][vc_column width=&#8220;1\/4&#8243;][vc_single_image image=&#8220;10896&#8243; img_size=&#8220;full&#8220; alignment=&#8220;center&#8220;][\/vc_column][vc_column width=&#8220;1\/4&#8243;][vc_single_image image=&#8220;10897&#8243; img_size=&#8220;full&#8220; alignment=&#8220;center&#8220;][\/vc_column][\/vc_row][vc_row gradient_colors=&#8220;%5B%7B%7D%5D&#8220; el_class=&#8220;paddingper&#8220;][vc_column][vc_column_text el_class=&#8220;giustifica&#8220;]Hausammann + Moos 1811 ist ein historisches Schweizer Unternehmen, das seit \u00fcber zwei Jahrhunderten hochwertige Stoffe f\u00fcr Anz\u00fcge, Hosen, Hemden und Kleider anbietet. Das wertvolle Know-how das von Generation zu [&hellip;]<\/p>\n","protected":false},"author":2,"featured_media":10893,"parent":0,"menu_order":0,"comment_status":"closed","ping_status":"closed","template":"single-services copy 1.php","meta":[],"acf":[],"yoast_head":"<!-- This site is optimized with the Yoast SEO plugin v17.6 - https:\/\/yoast.com\/wordpress\/plugins\/seo\/ -->\n<title>Geschichte - Hausammann+Moos 1881<\/title>\n<meta name=\"robots\" content=\"index, follow, max-snippet:-1, max-image-preview:large, max-video-preview:-1\" \/>\n<link rel=\"canonical\" href=\"https:\/\/www.hausammann-moos.ch\/de\/geschichte\/\" \/>\n<meta property=\"og:locale\" content=\"de_DE\" \/>\n<meta property=\"og:type\" content=\"article\" \/>\n<meta property=\"og:title\" content=\"Geschichte - Hausammann+Moos 1881\" \/>\n<meta property=\"og:description\" content=\"[vc_row gradient_colors=&#8220;%5B%7B%7D%5D&#8220; el_class=&#8220;menu-brand-mobile&#8220;][vc_column][vc_wp_custommenu nav_menu=&#8220;179&#8243;][\/vc_column][\/vc_row][vc_row full_width=&#8220;stretch_row_content&#8220; gap=&#8220;20&#8243; gradient_colors=&#8220;%5B%7B%7D%5D&#8220;][vc_column width=&#8220;1\/4&#8243;][vc_single_image image=&#8220;10894&#8243; img_size=&#8220;full&#8220; alignment=&#8220;center&#8220;][\/vc_column][vc_column width=&#8220;1\/4&#8243;][vc_single_image image=&#8220;10895&#8243; img_size=&#8220;full&#8220; alignment=&#8220;center&#8220;][\/vc_column][vc_column width=&#8220;1\/4&#8243;][vc_single_image image=&#8220;10896&#8243; img_size=&#8220;full&#8220; alignment=&#8220;center&#8220;][\/vc_column][vc_column width=&#8220;1\/4&#8243;][vc_single_image image=&#8220;10897&#8243; img_size=&#8220;full&#8220; alignment=&#8220;center&#8220;][\/vc_column][\/vc_row][vc_row gradient_colors=&#8220;%5B%7B%7D%5D&#8220; el_class=&#8220;paddingper&#8220;][vc_column][vc_column_text el_class=&#8220;giustifica&#8220;]Hausammann + Moos 1811 ist ein historisches Schweizer Unternehmen, das seit \u00fcber zwei Jahrhunderten hochwertige Stoffe f\u00fcr Anz\u00fcge, Hosen, Hemden und Kleider anbietet. Das wertvolle Know-how das von Generation zu [&hellip;]\" \/>\n<meta property=\"og:url\" content=\"https:\/\/www.hausammann-moos.ch\/de\/geschichte\/\" \/>\n<meta property=\"og:site_name\" content=\"C. Tessile 1925\" \/>\n<meta property=\"og:image\" content=\"https:\/\/www.hausammann-moos.ch\/wp-content\/uploads\/2021\/11\/HM_collezioni-1.jpg\" \/>\n\t<meta property=\"og:image:width\" content=\"1920\" \/>\n\t<meta property=\"og:image:height\" content=\"1080\" \/>\n<meta name=\"twitter:card\" content=\"summary_large_image\" \/>\n<meta name=\"twitter:label1\" content=\"Gesch\u00e4tzte Lesezeit\" \/>\n\t<meta name=\"twitter:data1\" content=\"2 Minuten\" \/>\n<script type=\"application\/ld+json\" class=\"yoast-schema-graph\">{\"@context\":\"https:\/\/schema.org\",\"@graph\":[{\"@type\":\"WebSite\",\"@id\":\"https:\/\/blue1925.it\/#website\",\"url\":\"https:\/\/blue1925.it\/\",\"name\":\"C. Tessile 1925\",\"description\":\"\",\"potentialAction\":[{\"@type\":\"SearchAction\",\"target\":{\"@type\":\"EntryPoint\",\"urlTemplate\":\"https:\/\/blue1925.it\/?s={search_term_string}\"},\"query-input\":\"required name=search_term_string\"}],\"inLanguage\":\"de-DE\"},{\"@type\":\"ImageObject\",\"@id\":\"https:\/\/www.hausammann-moos.ch\/de\/geschichte\/#primaryimage\",\"inLanguage\":\"de-DE\",\"url\":\"https:\/\/canclini.it\/wp-content\/uploads\/2021\/11\/HM_collezioni-1.jpg\",\"contentUrl\":\"https:\/\/canclini.it\/wp-content\/uploads\/2021\/11\/HM_collezioni-1.jpg\",\"width\":1920,\"height\":1080},{\"@type\":\"WebPage\",\"@id\":\"https:\/\/www.hausammann-moos.ch\/de\/geschichte\/#webpage\",\"url\":\"https:\/\/www.hausammann-moos.ch\/de\/geschichte\/\",\"name\":\"Geschichte - Hausammann+Moos 1881\",\"isPartOf\":{\"@id\":\"https:\/\/blue1925.it\/#website\"},\"primaryImageOfPage\":{\"@id\":\"https:\/\/www.hausammann-moos.ch\/de\/geschichte\/#primaryimage\"},\"datePublished\":\"2022-02-06T18:57:55+00:00\",\"dateModified\":\"2022-02-06T18:57:55+00:00\",\"breadcrumb\":{\"@id\":\"https:\/\/www.hausammann-moos.ch\/de\/geschichte\/#breadcrumb\"},\"inLanguage\":\"de-DE\",\"potentialAction\":[{\"@type\":\"ReadAction\",\"target\":[\"https:\/\/www.hausammann-moos.ch\/de\/geschichte\/\"]}]},{\"@type\":\"BreadcrumbList\",\"@id\":\"https:\/\/www.hausammann-moos.ch\/de\/geschichte\/#breadcrumb\",\"itemListElement\":[{\"@type\":\"ListItem\",\"position\":1,\"name\":\"Home\",\"item\":\"https:\/\/www.canclini.it\/\"},{\"@type\":\"ListItem\",\"position\":2,\"name\":\"Geschichte\"}]}]}<\/script>\n<!-- \/ Yoast SEO plugin. -->","yoast_head_json":{"title":"Geschichte - Hausammann+Moos 1881","robots":{"index":"index","follow":"follow","max-snippet":"max-snippet:-1","max-image-preview":"max-image-preview:large","max-video-preview":"max-video-preview:-1"},"canonical":"https:\/\/www.hausammann-moos.ch\/de\/geschichte\/","og_locale":"de_DE","og_type":"article","og_title":"Geschichte - Hausammann+Moos 1881","og_description":"[vc_row gradient_colors=&#8220;%5B%7B%7D%5D&#8220; el_class=&#8220;menu-brand-mobile&#8220;][vc_column][vc_wp_custommenu nav_menu=&#8220;179&#8243;][\/vc_column][\/vc_row][vc_row full_width=&#8220;stretch_row_content&#8220; gap=&#8220;20&#8243; gradient_colors=&#8220;%5B%7B%7D%5D&#8220;][vc_column width=&#8220;1\/4&#8243;][vc_single_image image=&#8220;10894&#8243; img_size=&#8220;full&#8220; alignment=&#8220;center&#8220;][\/vc_column][vc_column width=&#8220;1\/4&#8243;][vc_single_image image=&#8220;10895&#8243; img_size=&#8220;full&#8220; alignment=&#8220;center&#8220;][\/vc_column][vc_column width=&#8220;1\/4&#8243;][vc_single_image image=&#8220;10896&#8243; img_size=&#8220;full&#8220; alignment=&#8220;center&#8220;][\/vc_column][vc_column width=&#8220;1\/4&#8243;][vc_single_image image=&#8220;10897&#8243; img_size=&#8220;full&#8220; alignment=&#8220;center&#8220;][\/vc_column][\/vc_row][vc_row gradient_colors=&#8220;%5B%7B%7D%5D&#8220; el_class=&#8220;paddingper&#8220;][vc_column][vc_column_text el_class=&#8220;giustifica&#8220;]Hausammann + Moos 1811 ist ein historisches Schweizer Unternehmen, das seit \u00fcber zwei Jahrhunderten hochwertige Stoffe f\u00fcr Anz\u00fcge, Hosen, Hemden und Kleider anbietet. Das wertvolle Know-how das von Generation zu [&hellip;]","og_url":"https:\/\/www.hausammann-moos.ch\/de\/geschichte\/","og_site_name":"C. Tessile 1925","og_image":[{"width":1920,"height":1080,"url":"https:\/\/www.hausammann-moos.ch\/wp-content\/uploads\/2021\/11\/HM_collezioni-1.jpg","type":"image\/jpeg"}],"twitter_card":"summary_large_image","twitter_misc":{"Gesch\u00e4tzte Lesezeit":"2 Minuten"},"schema":{"@context":"https:\/\/schema.org","@graph":[{"@type":"WebSite","@id":"https:\/\/blue1925.it\/#website","url":"https:\/\/blue1925.it\/","name":"C. Tessile 1925","description":"","potentialAction":[{"@type":"SearchAction","target":{"@type":"EntryPoint","urlTemplate":"https:\/\/blue1925.it\/?s={search_term_string}"},"query-input":"required name=search_term_string"}],"inLanguage":"de-DE"},{"@type":"ImageObject","@id":"https:\/\/www.hausammann-moos.ch\/de\/geschichte\/#primaryimage","inLanguage":"de-DE","url":"https:\/\/canclini.it\/wp-content\/uploads\/2021\/11\/HM_collezioni-1.jpg","contentUrl":"https:\/\/canclini.it\/wp-content\/uploads\/2021\/11\/HM_collezioni-1.jpg","width":1920,"height":1080},{"@type":"WebPage","@id":"https:\/\/www.hausammann-moos.ch\/de\/geschichte\/#webpage","url":"https:\/\/www.hausammann-moos.ch\/de\/geschichte\/","name":"Geschichte - Hausammann+Moos 1881","isPartOf":{"@id":"https:\/\/blue1925.it\/#website"},"primaryImageOfPage":{"@id":"https:\/\/www.hausammann-moos.ch\/de\/geschichte\/#primaryimage"},"datePublished":"2022-02-06T18:57:55+00:00","dateModified":"2022-02-06T18:57:55+00:00","breadcrumb":{"@id":"https:\/\/www.hausammann-moos.ch\/de\/geschichte\/#breadcrumb"},"inLanguage":"de-DE","potentialAction":[{"@type":"ReadAction","target":["https:\/\/www.hausammann-moos.ch\/de\/geschichte\/"]}]},{"@type":"BreadcrumbList","@id":"https:\/\/www.hausammann-moos.ch\/de\/geschichte\/#breadcrumb","itemListElement":[{"@type":"ListItem","position":1,"name":"Home","item":"https:\/\/www.canclini.it\/"},{"@type":"ListItem","position":2,"name":"Geschichte"}]}]}},"_links":{"self":[{"href":"https:\/\/canclini.it\/de\/wp-json\/wp\/v2\/pages\/11351"}],"collection":[{"href":"https:\/\/canclini.it\/de\/wp-json\/wp\/v2\/pages"}],"about":[{"href":"https:\/\/canclini.it\/de\/wp-json\/wp\/v2\/types\/page"}],"author":[{"embeddable":true,"href":"https:\/\/canclini.it\/de\/wp-json\/wp\/v2\/users\/2"}],"replies":[{"embeddable":true,"href":"https:\/\/canclini.it\/de\/wp-json\/wp\/v2\/comments?post=11351"}],"version-history":[{"count":1,"href":"https:\/\/canclini.it\/de\/wp-json\/wp\/v2\/pages\/11351\/revisions"}],"predecessor-version":[{"id":11352,"href":"https:\/\/canclini.it\/de\/wp-json\/wp\/v2\/pages\/11351\/revisions\/11352"}],"wp:featuredmedia":[{"embeddable":true,"href":"https:\/\/canclini.it\/de\/wp-json\/wp\/v2\/media\/10893"}],"wp:attachment":[{"href":"https:\/\/canclini.it\/de\/wp-json\/wp\/v2\/media?parent=11351"}],"curies":[{"name":"wp","href":"https:\/\/api.w.org\/{rel}","templated":true}]}}